{"id":591,"date":"2025-02-13T01:42:20","date_gmt":"2025-02-13T01:42:20","guid":{"rendered":"https:\/\/wp.votedanielbovey.com\/?page_id=591"},"modified":"2025-02-14T21:58:02","modified_gmt":"2025-02-14T21:58:02","slug":"news","status":"publish","type":"page","link":"https:\/\/www.votedanielbovey.com\/es\/news\/","title":{"rendered":"Noticias"},"content":{"rendered":"<div data-elementor-type=\"wp-page\" data-elementor-id=\"591\" class=\"elementor elementor-591\" data-elementor-post-type=\"page\">\n\t\t\t\t<div class=\"elementor-element elementor-element-1eb24ac e-flex e-con-boxed e-con e-parent\" data-id=\"1eb24ac\" data-element_type=\"container\">\n\t\t\t\t\t<div class=\"e-con-inner\">\n\t\t\t\t<div class=\"elementor-element elementor-element-42c29b3 elementor-widget-divider--view-line_text elementor-widget-divider--separator-type-pattern elementor-widget-divider--no-spacing elementor-widget-divider--element-align-center elementor-widget elementor-widget-divider\" data-id=\"42c29b3\" data-element_type=\"widget\" data-widget_type=\"divider.default\">\n\t\t\t\t<div class=\"elementor-widget-container\">\n\t\t\t\t\t\t\t<div class=\"elementor-divider\" style=\"--divider-pattern-url: url(&quot;data:image\/svg+xml,%3Csvg xmlns=&#039;http:\/\/www.w3.org\/2000\/svg&#039; preserveAspectRatio=&#039;xMidYMid meet&#039; overflow=&#039;visible&#039; height=&#039;100%&#039; viewBox=&#039;0 0 120 26&#039; fill=&#039;black&#039; stroke=&#039;none&#039;%3E%3Cpath d=&#039;M11.9,15.9L11.9,15.9L0,16c-0.2-3.7,1.5-5.7,4.9-6C10,9.6,12.4,14.2,11.9,15.9zM26.9,15.9L26.9,15.9L15,16c0.5-3.7,2.5-5.7,5.9-6C26,9.6,27.4,14.2,26.9,15.9z M37.1,10c3.4,0.3,5.1,2.3,4.9,6H30.1C29.5,14.4,31.9,9.6,37.1,10z M57,15.9L57,15.9L45,16c0-3.4,1.6-5.4,4.9-5.9C54.8,9.3,57.4,14.2,57,15.9z M71.9,15.9L71.9,15.9L60,16c-0.2-3.7,1.5-5.7,4.9-6C70,9.6,72.4,14.2,71.9,15.9z M82.2,10c3.4,0.3,5,2.3,4.8,6H75.3C74,13,77.1,9.6,82.2,10zM101.9,15.9L101.9,15.9L90,16c-0.2-3.7,1.5-5.7,4.9-6C100,9.6,102.4,14.2,101.9,15.9z M112.1,10.1c2.7,0.5,4.3,2.5,4.9,5.9h-11.9l0,0C104.5,14.4,108,9.3,112.1,10.1z&#039;\/%3E%3C\/svg%3E&quot;);\">\n\t\t\t<span class=\"elementor-divider-separator\">\n\t\t\t\t\t\t\t<span class=\"elementor-divider__text elementor-divider__element\">\n\t\t\t\tNoticias\t\t\t\t<\/span>\n\t\t\t\t\t\t<\/span>\n\t\t<\/div>\n\t\t\t\t\t\t<\/div>\n\t\t\t\t<\/div>\n\t\t\t\t\t<\/div>\n\t\t\t\t<\/div>\n\t\t<div data-dce-background-color=\"#2729630F\" class=\"elementor-element elementor-element-b05f668 e-flex e-con-boxed e-con e-parent\" data-id=\"b05f668\" data-element_type=\"container\" data-settings=\"{&quot;background_background&quot;:&quot;classic&quot;}\">\n\t\t\t\t\t<div class=\"e-con-inner\">\n\t\t<div class=\"elementor-element elementor-element-79ebf86 e-con-full e-flex e-con e-child\" data-id=\"79ebf86\" data-element_type=\"container\" data-settings=\"{&quot;background_background&quot;:&quot;slideshow&quot;,&quot;background_slideshow_gallery&quot;:[],&quot;background_slideshow_slide_duration&quot;:5000,&quot;background_slideshow_slide_transition&quot;:&quot;fade&quot;,&quot;background_slideshow_transition_duration&quot;:500}\">\n\t\t\t\t<div class=\"elementor-element elementor-element-68c8094 elementor-widget elementor-widget-ucaddon_post_grid\" data-id=\"68c8094\" data-element_type=\"widget\" data-widget_type=\"ucaddon_post_grid.default\">\n\t\t\t\t<div class=\"elementor-widget-container\">\n\t\t\t\t\t\n<!-- start Post Grid -->\n\t\t<link id='font-awesome-css' href='https:\/\/www.votedanielbovey.com\/wp-content\/plugins\/unlimited-elements-for-elementor-premium\/assets_libraries\/font-awesome6\/fontawesome-all.min.css' type='text\/css' rel='stylesheet' >\n\t\t<link id='font-awesome-4-shim-css' href='https:\/\/www.votedanielbovey.com\/wp-content\/plugins\/unlimited-elements-for-elementor-premium\/assets_libraries\/font-awesome6\/fontawesome-v4-shims.min.css' type='text\/css' rel='stylesheet' >\n\n<style>\/* widget: Post Grid *\/\n\n\r\n@keyframes uc_post_grid_elementor_68c8094__item-animation {\r\n  0% {\r\n            transform:scale(1.3);\r\n        \t        \tfilter: blur(10px);\r\n\t\t\t\r\n    \t    opacity: 0;\r\n  }\r\n  100% {\r\n            transform:scale(1);\r\n        \t            filter: blur(0px);\r\n            \r\n    \t\topacity: 1;\r\n  }\r\n}\r\n\r\n\r\n#uc_post_grid_elementor_68c8094 .ue-item{\r\n\topacity:0;\r\n}\r\n\r\n\r\n#uc_post_grid_elementor_68c8094 .uc-entrance-animate {\r\n  opacity:1;\r\n}\r\n\r\n#uc_post_grid_elementor_68c8094 .uc-entrance-animate {\r\n\tanimation: uc_post_grid_elementor_68c8094__item-animation 0.6s cubic-bezier(0.470, 0.000, 0.745, 0.715) both;\r\n}\r\n\r\n\t\t\t\n\n#uc_post_grid_elementor_68c8094{\n  min-height: 1px;\n}\n\n#uc_post_grid_elementor_68c8094.uc_post_grid_style_one .uc_post_grid_style_one_wrap {\n   display:grid;\n}\n\n\n#uc_post_grid_elementor_68c8094 .uc_post_grid_style_one_item{\n  position:relative;\n}\n\n#uc_post_grid_elementor_68c8094 .uc_post_image{\n  transition:0.3s;\n  position:relative;\n  overflow:hidden;\n}\n\n#uc_post_grid_elementor_68c8094 .uc_post_image img{\n  width:100%;\n  display:block;\n  transition:0.3s;\n}\n\n\t\n\n#uc_post_grid_elementor_68c8094 .uc_post_image_overlay{\n  position:absolute;\n  top:0px;\n  left:0px;\n  height:100%;\n  width:100%;\n  transition:0.3s;\n}\n\n#uc_post_grid_elementor_68c8094 .uc_more_btn-custom-field{\n  display:inline-block;\n  text-align:center;\n  text-decoration:none;\n  transition:0.3s;\n}\n\n#uc_post_grid_elementor_68c8094 .uc_more_btn{\n  display:inline-block;\n  text-align:center;\n  text-decoration:none;\n  transition:0.3s;\n}\n\n.ue-grid-item-category a{\n  display:inline-block;\n  font-size:10px;\n  position: relative;\n  z-index: 1;\n}\n\n\n.uc_post_title{\n  font-size:21px;\n}\n\n\n\n  #uc_post_grid_elementor_68c8094 .ue_post_grid_item{\n    display:flex;\n    flex-direction:column;\n  }\n\n  #uc_post_grid_elementor_68c8094.uc_post_grid_style_one .uc_content{\n   flex-grow:1;\n  }\n\n  #uc_post_grid_elementor_68c8094.uc_post_grid_style_one .uc_content > div{\n    height:100%;\n    display:flex;\n    flex-direction:column;\n    justify-content: space-between;  }\n\n    #uc_post_grid_elementor_68c8094 .uc_post_button   {\n     margin-top:auto;\n   }\n  \n\n\n\n\n\n\n\n\n\n\n\n\n#uc_post_grid_elementor_68c8094 .ue-meta-data{  \n  display:flex !important;\n  flex-wrap: wrap;\n  line-height:1em;\n}\n\n#uc_post_grid_elementor_68c8094 .ue-grid-item-meta-data{\n  display:inline-flex;\n  align-items:center;\n}\n\n#uc_post_grid_elementor_68c8094 .ue-grid-item-meta-data a{\n  color:inherit;\n}\n\n.ue-grid-item-meta-data{\n  font-size:12px;\n}\n\n#uc_post_grid_elementor_68c8094 .ue-grid-item-meta-data-icon{\n  line-height:1em;\n}\n\n#uc_post_grid_elementor_68c8094 .ue-grid-item-meta-data-icon svg{\n  width:1em;\n  height:1em;\n}\n\n#uc_post_grid_elementor_68c8094 .ue-debug-meta{\n  padding:10px;\n  border:1px solid red;\n  position:relative;\n  line-height:1.5em;\n  font-size:11px;\n  width:100%;\n}\n\n#uc_post_grid_elementor_68c8094 .uc_btn_inner{\n  display:inline-flex;\n  align-items:center;\n  pointer-events:none;\n}\n\n#uc_post_grid_elementor_68c8094 .uc_btn_inner svg{\n  width:1em;\n  height:1em;\n}\n#uc_post_grid_elementor_68c8094 .ue_p_title{\n  pointer-events:none;\n}\n\n\n#uc_post_grid_elementor_68c8094 .uc_content_inner{\n  width: 100%;\n}\n\n\n#uc_post_grid_elementor_68c8094_item1 [href=\"javascript:void(0)\"]{\n  cursor: unset;\n}\n\n\n#uc_post_grid_elementor_68c8094_item2 [href=\"javascript:void(0)\"]{\n  cursor: unset;\n}\n\n\n#uc_post_grid_elementor_68c8094_item3 [href=\"javascript:void(0)\"]{\n  cursor: unset;\n}\n\n\n#uc_post_grid_elementor_68c8094_item4 [href=\"javascript:void(0)\"]{\n  cursor: unset;\n}\n\n\n#uc_post_grid_elementor_68c8094_item5 [href=\"javascript:void(0)\"]{\n  cursor: unset;\n}\n\n\n#uc_post_grid_elementor_68c8094_item6 [href=\"javascript:void(0)\"]{\n  cursor: unset;\n}\n\n\n<\/style>\n\n<div class=\"uc_post_grid_style_one\" id=\"uc_post_grid_elementor_68c8094\"  >\n\t\t<div class=\"uc_post_grid_style_one_wrap ue_post_grid uc-items-wrapper\">\n\t\t\t\n\n\n\n<div id=\"uc_post_grid_elementor_68c8094_item1\" class=\"uc_post_grid_style_one_item ue_post_grid_item ue-item elementor-animation-grow\">\n  \n      <a class=\"uc_post_grid_style_one_image\" href='https:\/\/www.votedanielbovey.com\/es\/is-west-chicagos-current-city-government-being-transparent\/' target=\"_self\">\n     <div class=\"uc_post_image\">\n       <img decoding=\"async\" src=\"https:\/\/www.votedanielbovey.com\/wp-content\/uploads\/2025\/03\/city-hall-gears-768x512.jpg\"  alt=\"city-hall-gears\" width=\"768\" height=\"512\">\n       <div class=\"uc_post_image_overlay\"><\/div>\n     <\/div>\n    <\/a>\n   \n  <div class=\"uc_content\">\n    <div class=\"uc_content_inner\">\n      <div class=\"uc_content-info-wrapper\" >\n        \n       \n              \n\n            \t\t\t<div class=\"uc_post_title\"><a class=\"\" href='https:\/\/www.votedanielbovey.com\/es\/is-west-chicagos-current-city-government-being-transparent\/' target=\"_self\"><div class=\"ue_p_title\">\u00bfEs transparente el actual gobierno municipal de West Chicago?<\/div><\/a><\/div>\n      \t\n                      \n       \n        <div class=\"ue-meta-data\">\n            \n                \t    \n                \n        \n\t\n                \n                \n                \n                \n    \t\t\t\n      \n            \n  <\/div>\t\n      \t<div class=\"uc_post_text\">\u00bfC\u00f3mo deber\u00eda ser la transparencia en el gobierno municipal de West Chicago? Rendici\u00f3n de cuentas: &quot;gobierno...<\/div>\n     \n                 \n                            \n                                  \n     <\/div>                      \n           <div class=\"uc_post_button\">\n        \n        <a class=\"uc_more_btn\" target=\"_self\" href='https:\/\/www.votedanielbovey.com\/es\/is-west-chicagos-current-city-government-being-transparent\/'>\n          <div class=\"uc_btn_inner\">\n            <div class=\"uc_btn_txt\">Leer m\u00e1s<\/div>\n                      <\/div>\n      \t<\/a>\n        \n                \n      <\/div>                           \n \t<\/div>  <\/div>      \n        \n<\/div>\n\n\n\n\n<div id=\"uc_post_grid_elementor_68c8094_item2\" class=\"uc_post_grid_style_one_item ue_post_grid_item ue-item elementor-animation-grow\">\n  \n      <a class=\"uc_post_grid_style_one_image\" href='https:\/\/www.votedanielbovey.com\/es\/west-chicago-voice-renews-its-endorsement-of-daniel-bovey-for-mayor-a-vote-for-vision-transparency-and-community-led-change\/' target=\"_self\">\n     <div class=\"uc_post_image\">\n       <img loading=\"lazy\" decoding=\"async\" src=\"https:\/\/www.votedanielbovey.com\/wp-content\/uploads\/2025\/03\/voice-768x768.png\"  alt=\"voice\" width=\"768\" height=\"768\">\n       <div class=\"uc_post_image_overlay\"><\/div>\n     <\/div>\n    <\/a>\n   \n  <div class=\"uc_content\">\n    <div class=\"uc_content_inner\">\n      <div class=\"uc_content-info-wrapper\" >\n        \n       \n              \n\n            \t\t\t<div class=\"uc_post_title\"><a class=\"\" href='https:\/\/www.votedanielbovey.com\/es\/west-chicago-voice-renews-its-endorsement-of-daniel-bovey-for-mayor-a-vote-for-vision-transparency-and-community-led-change\/' target=\"_self\"><div class=\"ue_p_title\">West Chicago Voice renueva su apoyo a Daniel Bovey para la alcald\u00eda: un voto por la visi\u00f3n, la transparencia y el cambio liderado por la comunidad.<\/div><\/a><\/div>\n      \t\n                      \n       \n        <div class=\"ue-meta-data\">\n            \n                \t    \n                \n        \n\t\n                \n                \n                \n                \n    \t\t\t\n      \n            \n  <\/div>\t\n      \t<div class=\"uc_post_text\">Editorial: En octubre, cuando Daniel Bovey anunci\u00f3 por primera vez su candidatura a la alcald\u00eda, publicamos un art\u00edculo...<\/div>\n     \n                 \n                            \n                                  \n     <\/div>                      \n           <div class=\"uc_post_button\">\n        \n        <a class=\"uc_more_btn\" target=\"_self\" href='https:\/\/www.votedanielbovey.com\/es\/west-chicago-voice-renews-its-endorsement-of-daniel-bovey-for-mayor-a-vote-for-vision-transparency-and-community-led-change\/'>\n          <div class=\"uc_btn_inner\">\n            <div class=\"uc_btn_txt\">Leer m\u00e1s<\/div>\n                      <\/div>\n      \t<\/a>\n        \n                \n      <\/div>                           \n \t<\/div>  <\/div>      \n        \n<\/div>\n\n\n\n\n<div id=\"uc_post_grid_elementor_68c8094_item3\" class=\"uc_post_grid_style_one_item ue_post_grid_item ue-item elementor-animation-grow\">\n  \n      <a class=\"uc_post_grid_style_one_image\" href='https:\/\/www.votedanielbovey.com\/es\/a-letter-to-my-neighbors-advocating-for-change-and-transparency-in-west-chicago\/' target=\"_self\">\n     <div class=\"uc_post_image\">\n       <img loading=\"lazy\" decoding=\"async\" src=\"https:\/\/www.votedanielbovey.com\/wp-content\/uploads\/2025\/03\/ChatGPT-Image-Mar-27-2025-at-03_01_02-PM-768x768.png\"  alt=\"ChatGPT Image Mar 27, 2025 at 03_01_02 PM\" width=\"768\" height=\"768\">\n       <div class=\"uc_post_image_overlay\"><\/div>\n     <\/div>\n    <\/a>\n   \n  <div class=\"uc_content\">\n    <div class=\"uc_content_inner\">\n      <div class=\"uc_content-info-wrapper\" >\n        \n       \n              \n\n            \t\t\t<div class=\"uc_post_title\"><a class=\"\" href='https:\/\/www.votedanielbovey.com\/es\/a-letter-to-my-neighbors-advocating-for-change-and-transparency-in-west-chicago\/' target=\"_self\"><div class=\"ue_p_title\">Carta a mis vecinos: Abogando por el cambio y la transparencia en West Chicago<\/div><\/a><\/div>\n      \t\n                      \n       \n        <div class=\"ue-meta-data\">\n            \n                \t    \n                \n        \n\t\n                \n                \n                \n                \n    \t\t\t\n      \n            \n  <\/div>\t\n      \t<div class=\"uc_post_text\">Una ciudadan\u00eda informada exigir\u00e1 cuentas a los funcionarios gubernamentales. Eso es lo que necesitamos ahora mismo...<\/div>\n     \n                 \n                            \n                                  \n     <\/div>                      \n           <div class=\"uc_post_button\">\n        \n        <a class=\"uc_more_btn\" target=\"_self\" href='https:\/\/www.votedanielbovey.com\/es\/a-letter-to-my-neighbors-advocating-for-change-and-transparency-in-west-chicago\/'>\n          <div class=\"uc_btn_inner\">\n            <div class=\"uc_btn_txt\">Leer m\u00e1s<\/div>\n                      <\/div>\n      \t<\/a>\n        \n                \n      <\/div>                           \n \t<\/div>  <\/div>      \n        \n<\/div>\n\n\n\n\n<div id=\"uc_post_grid_elementor_68c8094_item4\" class=\"uc_post_grid_style_one_item ue_post_grid_item ue-item elementor-animation-grow\">\n  \n      <a class=\"uc_post_grid_style_one_image\" href='https:\/\/www.votedanielbovey.com\/es\/a-letter-to-my-neighbors-city-hall-hasnt-listened\/' target=\"_self\">\n     <div class=\"uc_post_image\">\n       <img loading=\"lazy\" decoding=\"async\" src=\"https:\/\/www.votedanielbovey.com\/wp-content\/uploads\/2025\/03\/Screenshot-2025-03-27-at-1.14.06\u202fPM-768x554.png\"  alt=\"Screenshot 2025-03-27 at 1.14\" width=\"768\" height=\"554\">\n       <div class=\"uc_post_image_overlay\"><\/div>\n     <\/div>\n    <\/a>\n   \n  <div class=\"uc_content\">\n    <div class=\"uc_content_inner\">\n      <div class=\"uc_content-info-wrapper\" >\n        \n       \n              \n\n            \t\t\t<div class=\"uc_post_title\"><a class=\"\" href='https:\/\/www.votedanielbovey.com\/es\/a-letter-to-my-neighbors-city-hall-hasnt-listened\/' target=\"_self\"><div class=\"ue_p_title\">Una carta a mis vecinos: el Ayuntamiento no ha escuchado<\/div><\/a><\/div>\n      \t\n                      \n       \n        <div class=\"ue-meta-data\">\n            \n                \t    \n                \n        \n\t\n                \n                \n                \n                \n    \t\t\t\n      \n            \n  <\/div>\t\n      \t<div class=\"uc_post_text\">Estimado vecino: Una de las razones por las que me postulo es porque creo que la ciudad de West Chicago puede...<\/div>\n     \n                 \n                            \n                                  \n     <\/div>                      \n           <div class=\"uc_post_button\">\n        \n        <a class=\"uc_more_btn\" target=\"_self\" href='https:\/\/www.votedanielbovey.com\/es\/a-letter-to-my-neighbors-city-hall-hasnt-listened\/'>\n          <div class=\"uc_btn_inner\">\n            <div class=\"uc_btn_txt\">Leer m\u00e1s<\/div>\n                      <\/div>\n      \t<\/a>\n        \n                \n      <\/div>                           \n \t<\/div>  <\/div>      \n        \n<\/div>\n\n\n\n\n<div id=\"uc_post_grid_elementor_68c8094_item5\" class=\"uc_post_grid_style_one_item ue_post_grid_item ue-item elementor-animation-grow\">\n  \n      <a class=\"uc_post_grid_style_one_image\" href='https:\/\/www.votedanielbovey.com\/es\/water-billing-fiasco\/' target=\"_self\">\n     <div class=\"uc_post_image\">\n       <img loading=\"lazy\" decoding=\"async\" src=\"https:\/\/www.votedanielbovey.com\/wp-content\/uploads\/2025\/01\/IMG_1081-768x1024.jpeg\"  alt=\"IMG_1081\" width=\"768\" height=\"1024\">\n       <div class=\"uc_post_image_overlay\"><\/div>\n     <\/div>\n    <\/a>\n   \n  <div class=\"uc_content\">\n    <div class=\"uc_content_inner\">\n      <div class=\"uc_content-info-wrapper\" >\n        \n       \n              \n\n            \t\t\t<div class=\"uc_post_title\"><a class=\"\" href='https:\/\/www.votedanielbovey.com\/es\/water-billing-fiasco\/' target=\"_self\"><div class=\"ue_p_title\">El fiasco de la facturaci\u00f3n del agua<\/div><\/a><\/div>\n      \t\n                      \n       \n        <div class=\"ue-meta-data\">\n            \n                \t    \n                \n        \n\t\n                \n                \n                \n                \n    \t\t\t\n      \n            \n  <\/div>\t\n      \t<div class=\"uc_post_text\">Transcripci\u00f3n: Hola, soy Dan Bovy y me postulo para alcalde de West Chicago el 1 de abril de 2025...<\/div>\n     \n                 \n                            \n                                  \n     <\/div>                      \n           <div class=\"uc_post_button\">\n        \n        <a class=\"uc_more_btn\" target=\"_self\" href='https:\/\/www.votedanielbovey.com\/es\/water-billing-fiasco\/'>\n          <div class=\"uc_btn_inner\">\n            <div class=\"uc_btn_txt\">Leer m\u00e1s<\/div>\n                      <\/div>\n      \t<\/a>\n        \n                \n      <\/div>                           \n \t<\/div>  <\/div>      \n        \n<\/div>\n\n\n\n\n<div id=\"uc_post_grid_elementor_68c8094_item6\" class=\"uc_post_grid_style_one_item ue_post_grid_item ue-item elementor-animation-grow\">\n  \n      <a class=\"uc_post_grid_style_one_image\" href='https:\/\/www.votedanielbovey.com\/es\/what-is-going-on-at-city-hall\/' target=\"_self\">\n     <div class=\"uc_post_image\">\n       <img loading=\"lazy\" decoding=\"async\" src=\"https:\/\/www.votedanielbovey.com\/wp-content\/uploads\/2025\/01\/DSC_0119-1099571982-768x512.jpg\"  alt=\"DSC_0119-1099571982\" width=\"768\" height=\"512\">\n       <div class=\"uc_post_image_overlay\"><\/div>\n     <\/div>\n    <\/a>\n   \n  <div class=\"uc_content\">\n    <div class=\"uc_content_inner\">\n      <div class=\"uc_content-info-wrapper\" >\n        \n       \n              \n\n            \t\t\t<div class=\"uc_post_title\"><a class=\"\" href='https:\/\/www.votedanielbovey.com\/es\/what-is-going-on-at-city-hall\/' target=\"_self\"><div class=\"ue_p_title\">\u00bfQu\u00e9 est\u00e1 pasando en el Ayuntamiento?<\/div><\/a><\/div>\n      \t\n                      \n       \n        <div class=\"ue-meta-data\">\n            \n                \t    \n                \n        \n\t\n                \n                \n                \n                \n    \t\t\t\n      \n            \n  <\/div>\t\n      \t<div class=\"uc_post_text\">Amigos, tenemos que cambiar la cultura del Ayuntamiento. He hablado con cientos de personas en West Chicago...<\/div>\n     \n                 \n                            \n                                  \n     <\/div>                      \n           <div class=\"uc_post_button\">\n        \n        <a class=\"uc_more_btn\" target=\"_self\" href='https:\/\/www.votedanielbovey.com\/es\/what-is-going-on-at-city-hall\/'>\n          <div class=\"uc_btn_inner\">\n            <div class=\"uc_btn_txt\">Leer m\u00e1s<\/div>\n                      <\/div>\n      \t<\/a>\n        \n                \n      <\/div>                           \n \t<\/div>  <\/div>      \n        \n<\/div>\n\n\t\t<\/div>\n\t<\/div>\n\n\n\n  <div id=\"uc_post_grid_elementor_68c8094_empty_message\" class=\"ue-no-posts-found\"  style=\"display:none\" >No se encontraron publicaciones<\/div>\n\n\n<!-- end Post Grid -->\t\t\t\t<\/div>\n\t\t\t\t<\/div>\n\t\t\t\t<\/div>\n\t\t\t\t\t<\/div>\n\t\t\t\t<\/div>\n\t\t\t\t<\/div>","protected":false},"excerpt":{"rendered":"<p>News What is Going On at City Hall?? Friends, we have got to change the culture of City Hall. I\u2019ve talked to hundreds people in West Chicago&#8230; Read More No posts found<\/p>","protected":false},"author":1,"featured_media":0,"parent":0,"menu_order":0,"comment_status":"closed","ping_status":"closed","template":"","meta":{"_seopress_robots_primary_cat":"","_seopress_titles_title":"","_seopress_titles_desc":"","_seopress_robots_index":"","footnotes":""},"class_list":["post-591","page","type-page","status-publish","hentry"],"_links":{"self":[{"href":"https:\/\/www.votedanielbovey.com\/es\/wp-json\/wp\/v2\/pages\/591","targetHints":{"allow":["GET"]}}],"collection":[{"href":"https:\/\/www.votedanielbovey.com\/es\/wp-json\/wp\/v2\/pages"}],"about":[{"href":"https:\/\/www.votedanielbovey.com\/es\/wp-json\/wp\/v2\/types\/page"}],"author":[{"embeddable":true,"href":"https:\/\/www.votedanielbovey.com\/es\/wp-json\/wp\/v2\/users\/1"}],"replies":[{"embeddable":true,"href":"https:\/\/www.votedanielbovey.com\/es\/wp-json\/wp\/v2\/comments?post=591"}],"version-history":[{"count":11,"href":"https:\/\/www.votedanielbovey.com\/es\/wp-json\/wp\/v2\/pages\/591\/revisions"}],"predecessor-version":[{"id":682,"href":"https:\/\/www.votedanielbovey.com\/es\/wp-json\/wp\/v2\/pages\/591\/revisions\/682"}],"wp:attachment":[{"href":"https:\/\/www.votedanielbovey.com\/es\/wp-json\/wp\/v2\/media?parent=591"}],"curies":[{"name":"wp","href":"https:\/\/api.w.org\/{rel}","templated":true}]}}