{"id":587,"date":"2025-02-13T01:42:05","date_gmt":"2025-02-13T01:42:05","guid":{"rendered":"https:\/\/wp.votedanielbovey.com\/?page_id=587"},"modified":"2025-05-03T14:41:26","modified_gmt":"2025-05-03T14:41:26","slug":"events","status":"publish","type":"page","link":"https:\/\/www.votedanielbovey.com\/es\/events\/","title":{"rendered":"Eventos"},"content":{"rendered":"<div data-elementor-type=\"wp-page\" data-elementor-id=\"587\" class=\"elementor elementor-587\" data-elementor-post-type=\"page\">\n\t\t\t\t<div class=\"elementor-element elementor-element-4886a58 e-flex e-con-boxed e-con e-parent\" data-id=\"4886a58\" data-element_type=\"container\">\n\t\t\t\t\t<div class=\"e-con-inner\">\n\t\t\t\t<div class=\"elementor-element elementor-element-dd70417 elementor-widget-divider--view-line_text elementor-widget-divider--separator-type-pattern elementor-widget-divider--no-spacing elementor-widget-divider--element-align-center elementor-widget elementor-widget-divider\" data-id=\"dd70417\" data-element_type=\"widget\" data-widget_type=\"divider.default\">\n\t\t\t\t<div class=\"elementor-widget-container\">\n\t\t\t\t\t\t\t<div class=\"elementor-divider\" style=\"--divider-pattern-url: url(&quot;data:image\/svg+xml,%3Csvg xmlns=&#039;http:\/\/www.w3.org\/2000\/svg&#039; preserveAspectRatio=&#039;xMidYMid meet&#039; overflow=&#039;visible&#039; height=&#039;100%&#039; viewBox=&#039;0 0 120 26&#039; fill=&#039;black&#039; stroke=&#039;none&#039;%3E%3Cpath d=&#039;M11.9,15.9L11.9,15.9L0,16c-0.2-3.7,1.5-5.7,4.9-6C10,9.6,12.4,14.2,11.9,15.9zM26.9,15.9L26.9,15.9L15,16c0.5-3.7,2.5-5.7,5.9-6C26,9.6,27.4,14.2,26.9,15.9z M37.1,10c3.4,0.3,5.1,2.3,4.9,6H30.1C29.5,14.4,31.9,9.6,37.1,10z M57,15.9L57,15.9L45,16c0-3.4,1.6-5.4,4.9-5.9C54.8,9.3,57.4,14.2,57,15.9z M71.9,15.9L71.9,15.9L60,16c-0.2-3.7,1.5-5.7,4.9-6C70,9.6,72.4,14.2,71.9,15.9z M82.2,10c3.4,0.3,5,2.3,4.8,6H75.3C74,13,77.1,9.6,82.2,10zM101.9,15.9L101.9,15.9L90,16c-0.2-3.7,1.5-5.7,4.9-6C100,9.6,102.4,14.2,101.9,15.9z M112.1,10.1c2.7,0.5,4.3,2.5,4.9,5.9h-11.9l0,0C104.5,14.4,108,9.3,112.1,10.1z&#039;\/%3E%3C\/svg%3E&quot;);\">\n\t\t\t<span class=\"elementor-divider-separator\">\n\t\t\t\t\t\t\t<span class=\"elementor-divider__text elementor-divider__element\">\n\t\t\t\tEventos\t\t\t\t<\/span>\n\t\t\t\t\t\t<\/span>\n\t\t<\/div>\n\t\t\t\t\t\t<\/div>\n\t\t\t\t<\/div>\n\t\t\t\t\t<\/div>\n\t\t\t\t<\/div>\n\t\t<div data-dce-background-color=\"#FFFFFF1F\" class=\"elementor-element elementor-element-5840ece e-flex e-con-boxed e-con e-parent\" data-id=\"5840ece\" data-element_type=\"container\" data-settings=\"{&quot;background_background&quot;:&quot;classic&quot;}\">\n\t\t\t\t\t<div class=\"e-con-inner\">\n\t\t<div class=\"elementor-element elementor-element-87ce5b1 e-con-full e-flex e-con e-child\" data-id=\"87ce5b1\" data-element_type=\"container\" data-settings=\"{&quot;background_background&quot;:&quot;slideshow&quot;,&quot;background_slideshow_ken_burns&quot;:&quot;yes&quot;,&quot;background_slideshow_gallery&quot;:[],&quot;background_slideshow_loop&quot;:&quot;yes&quot;,&quot;background_slideshow_slide_duration&quot;:5000,&quot;background_slideshow_slide_transition&quot;:&quot;fade&quot;,&quot;background_slideshow_transition_duration&quot;:500,&quot;background_slideshow_ken_burns_zoom_direction&quot;:&quot;in&quot;}\">\n\t\t\t\t<div class=\"elementor-element elementor-element-560cb51 dce_masking-none elementor-widget elementor-widget-image\" data-id=\"560cb51\" data-element_type=\"widget\" data-widget_type=\"image.default\">\n\t\t\t\t<div class=\"elementor-widget-container\">\n\t\t\t\t\t\t\t\t\t\t\t\t\t\t\t<img alt=\"\" fetchpriority=\"high\" decoding=\"async\" width=\"800\" height=\"450\" src=\"https:\/\/www.votedanielbovey.com\/wp-content\/uploads\/2025\/05\/Inauguration-Event-2.1_Spanish-Email.png\" class=\"attachment-large size-large wp-image-1118\" srcset=\"https:\/\/www.votedanielbovey.com\/wp-content\/uploads\/2025\/05\/Inauguration-Event-2.1_Spanish-Email.png 1920w, https:\/\/www.votedanielbovey.com\/wp-content\/uploads\/2025\/05\/Inauguration-Event-2.1_Spanish-Email-300x169.png 300w, https:\/\/www.votedanielbovey.com\/wp-content\/uploads\/2025\/05\/Inauguration-Event-2.1_Spanish-Email-1024x576.png 1024w, https:\/\/www.votedanielbovey.com\/wp-content\/uploads\/2025\/05\/Inauguration-Event-2.1_Spanish-Email-768x432.png 768w, https:\/\/www.votedanielbovey.com\/wp-content\/uploads\/2025\/05\/Inauguration-Event-2.1_Spanish-Email-1536x864.png 1536w, https:\/\/www.votedanielbovey.com\/wp-content\/uploads\/2025\/05\/Inauguration-Event-2.1_Spanish-Email-18x10.png 18w\" sizes=\"(max-width: 800px) 100vw, 800px\" \/>\t\t\t\t\t\t\t\t\t\t\t\t\t\t\t<\/div>\n\t\t\t\t<\/div>\n\t\t\t\t<\/div>\n\t\t<div class=\"elementor-element elementor-element-6572df6 e-con-full e-flex e-con e-child\" data-id=\"6572df6\" data-element_type=\"container\">\n\t\t\t\t<div class=\"elementor-element elementor-element-8a6bd2c elementor-widget elementor-widget-text-editor\" data-id=\"8a6bd2c\" data-element_type=\"widget\" data-widget_type=\"text-editor.default\">\n\t\t\t\t<div class=\"elementor-widget-container\">\n\t\t\t\t\t\t\t\t\t<p class=\"translation-block\"><b> QU\u00c9<\/b>: Casa Michoac\u00e1n, la C\u00e1mara de Comercio del Oeste de DuPage, y el Centro Isl\u00e1mico de los Suburbios del Oeste invitan al p\u00fablico a una recepci\u00f3n antes y despu\u00e9s de la juramentaci\u00f3n del nuevo alcalde de West Chicago y los miembros del consejo de la ciudad.<\/p>\n<p class=\"translation-block\"><b>CU\u00c1NDO<\/b>: Lunes, 5 de mayo-Recepci\u00f3n 6:30-8:30pm, Ceremonia de Juramentaci\u00f3n 7:00pm<\/p>\n<p class=\"translation-block\"><b>DONDE<\/b>: West Chicago Community High School Cafetorium, Entrada 25 (antes Entrada H), 326 Joliet St., West Chicago, IL 60185<\/p>\n<p class=\"translation-block\"><b>POR QU\u00c9<\/b>: El p\u00fablico est\u00e1 invitado a una celebraci\u00f3n de la comunidad para la ceremonia oficial de juramentaci\u00f3n del nuevo alcalde electo de West Chicago y los miembros del consejo de la ciudad, que incluir\u00e1 una actuaci\u00f3n del Ballet Folkl\u00f3rico, especiales en camiones de comida de La Cocina de Mar\u00eda y Taquer\u00eda Santa B\u00e1rbara, y otros refrescos.<\/p>\t\t\t\t\t\t\t\t<\/div>\n\t\t\t\t<\/div>\n\t\t\t\t<div class=\"elementor-element elementor-element-0b74e24 elementor-widget elementor-widget-google_maps\" data-id=\"0b74e24\" data-element_type=\"widget\" data-widget_type=\"google_maps.default\">\n\t\t\t\t<div class=\"elementor-widget-container\">\n\t\t\t\t\t\t\t<div class=\"elementor-custom-embed\">\n\t\t\t<iframe loading=\"lazy\"\n\t\t\t\t\tsrc=\"https:\/\/maps.google.com\/maps?q=West%20Chicago%20Community%20High%20School%20Cafetorium&#038;t=m&#038;z=16&#038;output=embed&#038;iwloc=near\"\n\t\t\t\t\ttitle=\"Cafeter\u00eda de la escuela secundaria comunitaria de West Chicago\"\n\t\t\t\t\taria-label=\"Cafeter\u00eda de la escuela secundaria comunitaria de West Chicago\"\n\t\t\t><\/iframe>\n\t\t<\/div>\n\t\t\t\t\t\t<\/div>\n\t\t\t\t<\/div>\n\t\t\t\t<\/div>\n\t\t\t\t\t<\/div>\n\t\t\t\t<\/div>\n\t\t<div data-dce-background-color=\"#FFFFFF1F\" class=\"elementor-element elementor-element-8931e90 elementor-hidden-desktop elementor-hidden-tablet elementor-hidden-mobile e-flex e-con-boxed e-con e-parent\" data-id=\"8931e90\" data-element_type=\"container\" data-settings=\"{&quot;background_background&quot;:&quot;classic&quot;}\">\n\t\t\t\t\t<div class=\"e-con-inner\">\n\t\t<div class=\"elementor-element elementor-element-d3a1b14 e-con-full e-flex e-con e-child\" data-id=\"d3a1b14\" data-element_type=\"container\" data-settings=\"{&quot;background_background&quot;:&quot;slideshow&quot;,&quot;background_slideshow_ken_burns&quot;:&quot;yes&quot;,&quot;background_slideshow_gallery&quot;:[],&quot;background_slideshow_loop&quot;:&quot;yes&quot;,&quot;background_slideshow_slide_duration&quot;:5000,&quot;background_slideshow_slide_transition&quot;:&quot;fade&quot;,&quot;background_slideshow_transition_duration&quot;:500,&quot;background_slideshow_ken_burns_zoom_direction&quot;:&quot;in&quot;}\">\n\t\t\t\t<div class=\"elementor-element elementor-element-f471ff5 dce_masking-none elementor-widget elementor-widget-image\" data-id=\"f471ff5\" data-element_type=\"widget\" data-widget_type=\"image.default\">\n\t\t\t\t<div class=\"elementor-widget-container\">\n\t\t\t\t\t\t\t\t\t\t\t\t\t\t\t<img alt=\"\" decoding=\"async\" width=\"800\" height=\"534\" src=\"https:\/\/www.votedanielbovey.com\/wp-content\/uploads\/2025\/03\/wiant-1024x683.png\" class=\"attachment-large size-large wp-image-965\" srcset=\"https:\/\/www.votedanielbovey.com\/wp-content\/uploads\/2025\/03\/wiant-1024x683.png 1024w, https:\/\/www.votedanielbovey.com\/wp-content\/uploads\/2025\/03\/wiant-300x200.png 300w, https:\/\/www.votedanielbovey.com\/wp-content\/uploads\/2025\/03\/wiant-768x512.png 768w, https:\/\/www.votedanielbovey.com\/wp-content\/uploads\/2025\/03\/wiant-18x12.png 18w, https:\/\/www.votedanielbovey.com\/wp-content\/uploads\/2025\/03\/wiant.png 1536w\" sizes=\"(max-width: 800px) 100vw, 800px\" \/>\t\t\t\t\t\t\t\t\t\t\t\t\t\t\t<\/div>\n\t\t\t\t<\/div>\n\t\t\t\t<\/div>\n\t\t<div class=\"elementor-element elementor-element-a849a71 e-con-full e-flex e-con e-child\" data-id=\"a849a71\" data-element_type=\"container\">\n\t\t\t\t<div class=\"elementor-element elementor-element-d115ef1 elementor-widget elementor-widget-heading\" data-id=\"d115ef1\" data-element_type=\"widget\" data-widget_type=\"heading.default\">\n\t\t\t\t<div class=\"elementor-widget-container\">\n\t\t\t\t\t<h2 class=\"elementor-heading-title elementor-size-default\">Caf\u00e9 con Dan<\/h2>\t\t\t\t<\/div>\n\t\t\t\t<\/div>\n\t\t\t\t<div class=\"elementor-element elementor-element-f83a4d0 elementor-widget elementor-widget-heading\" data-id=\"f83a4d0\" data-element_type=\"widget\" data-widget_type=\"heading.default\">\n\t\t\t\t<div class=\"elementor-widget-container\">\n\t\t\t\t\t<h2 class=\"elementor-heading-title elementor-size-default\">9 - 10 am S\u00e1bado 29 de marzo<\/h2>\t\t\t\t<\/div>\n\t\t\t\t<\/div>\n\t\t\t\t<div class=\"elementor-element elementor-element-f05ff3b elementor-widget elementor-widget-text-editor\" data-id=\"f05ff3b\" data-element_type=\"widget\" data-widget_type=\"text-editor.default\">\n\t\t\t\t<div class=\"elementor-widget-container\">\n\t\t\t\t\t\t\t\t\t<p>Preguntale a Daniel cualqier cosa. Comparten de tu propia vision para nuestra comunidad. Lleva a un vecino o amigo. Kamila Cakes esta directamente al lado de la ubicaci\u00f3n de votaci\u00f3n temprano: 157 W. Washington St. (abierto 9 am - 5 pm sabado).<\/p>\t\t\t\t\t\t\t\t<\/div>\n\t\t\t\t<\/div>\n\t\t\t\t<div class=\"elementor-element elementor-element-ffcf17e elementor-widget elementor-widget-text-editor\" data-id=\"ffcf17e\" data-element_type=\"widget\" data-widget_type=\"text-editor.default\">\n\t\t\t\t<div class=\"elementor-widget-container\">\n\t\t\t\t\t\t\t\t\t<p>Pasteles Kamila<br \/>151 oeste de Washington<br \/>West Chicago<\/p>\t\t\t\t\t\t\t\t<\/div>\n\t\t\t\t<\/div>\n\t\t\t\t<div class=\"elementor-element elementor-element-cb8ec38 elementor-widget elementor-widget-google_maps\" data-id=\"cb8ec38\" data-element_type=\"widget\" data-widget_type=\"google_maps.default\">\n\t\t\t\t<div class=\"elementor-widget-container\">\n\t\t\t\t\t\t\t<div class=\"elementor-custom-embed\">\n\t\t\t<iframe loading=\"lazy\"\n\t\t\t\t\tsrc=\"https:\/\/maps.google.com\/maps?q=Kamila%20Cakes%2C%20West%20Chicago%2C%20IL&#038;t=m&#038;z=16&#038;output=embed&#038;iwloc=near\"\n\t\t\t\t\ttitle=\"Pasteler\u00eda Kamila, Chicago\"\n\t\t\t\t\taria-label=\"Pasteler\u00eda Kamila, Chicago\"\n\t\t\t><\/iframe>\n\t\t<\/div>\n\t\t\t\t\t\t<\/div>\n\t\t\t\t<\/div>\n\t\t\t\t<\/div>\n\t\t\t\t\t<\/div>\n\t\t\t\t<\/div>\n\t\t<div data-dce-background-color=\"#FFFFFF1F\" class=\"elementor-element elementor-element-a7b6e3f elementor-hidden-desktop elementor-hidden-tablet elementor-hidden-mobile e-flex e-con-boxed e-con e-parent\" data-id=\"a7b6e3f\" data-element_type=\"container\" data-settings=\"{&quot;background_background&quot;:&quot;classic&quot;}\">\n\t\t\t\t\t<div class=\"e-con-inner\">\n\t\t<div class=\"elementor-element elementor-element-e9c3a83 e-con-full e-flex e-con e-child\" data-id=\"e9c3a83\" data-element_type=\"container\" data-settings=\"{&quot;background_background&quot;:&quot;slideshow&quot;,&quot;background_slideshow_ken_burns&quot;:&quot;yes&quot;,&quot;background_slideshow_gallery&quot;:[],&quot;background_slideshow_loop&quot;:&quot;yes&quot;,&quot;background_slideshow_slide_duration&quot;:5000,&quot;background_slideshow_slide_transition&quot;:&quot;fade&quot;,&quot;background_slideshow_transition_duration&quot;:500,&quot;background_slideshow_ken_burns_zoom_direction&quot;:&quot;in&quot;}\">\n\t\t\t\t<div class=\"elementor-element elementor-element-383deee dce_masking-none elementor-widget elementor-widget-image\" data-id=\"383deee\" data-element_type=\"widget\" data-widget_type=\"image.default\">\n\t\t\t\t<div class=\"elementor-widget-container\">\n\t\t\t\t\t\t\t\t\t\t\t\t\t\t\t<img alt=\"\" decoding=\"async\" width=\"800\" height=\"514\" src=\"https:\/\/www.votedanielbovey.com\/wp-content\/uploads\/2025\/02\/460080300_10229558999992839_585486292721600517_n-1024x658.jpg\" class=\"attachment-large size-large wp-image-693\" srcset=\"https:\/\/www.votedanielbovey.com\/wp-content\/uploads\/2025\/02\/460080300_10229558999992839_585486292721600517_n-1024x658.jpg 1024w, https:\/\/www.votedanielbovey.com\/wp-content\/uploads\/2025\/02\/460080300_10229558999992839_585486292721600517_n-300x193.jpg 300w, https:\/\/www.votedanielbovey.com\/wp-content\/uploads\/2025\/02\/460080300_10229558999992839_585486292721600517_n-768x494.jpg 768w, https:\/\/www.votedanielbovey.com\/wp-content\/uploads\/2025\/02\/460080300_10229558999992839_585486292721600517_n-1536x988.jpg 1536w, https:\/\/www.votedanielbovey.com\/wp-content\/uploads\/2025\/02\/460080300_10229558999992839_585486292721600517_n-18x12.jpg 18w, https:\/\/www.votedanielbovey.com\/wp-content\/uploads\/2025\/02\/460080300_10229558999992839_585486292721600517_n.jpg 2000w\" sizes=\"(max-width: 800px) 100vw, 800px\" \/>\t\t\t\t\t\t\t\t\t\t\t\t\t\t\t<\/div>\n\t\t\t\t<\/div>\n\t\t\t\t<\/div>\n\t\t<div class=\"elementor-element elementor-element-5b50a71 e-con-full e-flex e-con e-child\" data-id=\"5b50a71\" data-element_type=\"container\">\n\t\t\t\t<div class=\"elementor-element elementor-element-877731c elementor-widget elementor-widget-heading\" data-id=\"877731c\" data-element_type=\"widget\" data-widget_type=\"heading.default\">\n\t\t\t\t<div class=\"elementor-widget-container\">\n\t\t\t\t\t<h2 class=\"elementor-heading-title elementor-size-default\">Foro de candidatos de West Chicago programado para el 18 de marzo<\/h2>\t\t\t\t<\/div>\n\t\t\t\t<\/div>\n\t\t\t\t<\/div>\n\t\t\t\t<div class=\"elementor-element elementor-element-089665a elementor-widget elementor-widget-text-editor\" data-id=\"089665a\" data-element_type=\"widget\" data-widget_type=\"text-editor.default\">\n\t\t\t\t<div class=\"elementor-widget-container\">\n\t\t\t\t\t\t\t\t\t<p class=\"p1\"><span class=\"s1\">Los residentes de West Chicago tendr\u00e1n la oportunidad de escuchar a los candidatos locales en la pr\u00f3xima <\/span><span class=\"s2\">Foro de candidatos<\/span><span class=\"s1\"> en <\/span><span class=\"s2\">Martes 18 de marzo a las 18:30 horas<\/span><span class=\"s1\"> El evento tendr\u00e1 lugar en <\/span><span class=\"s2\">Escuela secundaria comunitaria de West Chicago, 326 Joliet St.,<\/span><span class=\"s1\">con los asistentes invitados a entrar a trav\u00e9s de <\/span><span class=\"s2\">Puerta H.<\/span><\/p><p class=\"p1\"><span class=\"s1\">Organizado por la Liga de Mujeres Votantes para informar a los votantes antes de las elecciones municipales de abril, el foro contar\u00e1 con la participaci\u00f3n de candidatos para <\/span><span class=\"s2\">Junta de la Biblioteca de West Chicago, Concejo Municipal y Alcalde.<\/span><span class=\"s1\"> Cada grupo tendr\u00e1 un espacio de tiempo designado para discutir sus plataformas y responder preguntas de la comunidad.<\/span><\/p><p class=\"p1\"><span class=\"s1\">Este evento est\u00e1 patrocinado como una ayuda para los votantes \u00fanicamente por la Liga de Mujeres Votantes, una organizaci\u00f3n no partidista.\u00a0<\/span><\/p><p class=\"p1\"><span class=\"s2\">Calendario del foro y candidatos<\/span><\/p><p class=\"p1\"><span class=\"s2\">Junta de la Biblioteca de West Chicago (6:00 p. m. a 6:40 p. m.)<\/span><\/p><p class=\"p3\"><span class=\"s1\">\u2022 Michael Wonderly<\/span><\/p><p class=\"p3\"><span class=\"s1\">\u2022 Laura Finch<\/span><\/p><p class=\"p3\"><span class=\"s1\">\u2022 Sufiyan Mahoma<\/span><\/p><p class=\"p3\"><span class=\"s1\">\u2022 Aimee Cavataio<\/span><\/p><p class=\"p1\"><span class=\"s2\">Ayuntamiento de West Chicago (6:45 \u2013 7:45 pm)<\/span><\/p><p class=\"p3\"><span class=\"s1\">\u2022 Lori Chasse<\/span><\/p><p class=\"p3\"><span class=\"s1\">\u2022 Juleta Alcantar-Garc\u00eda<\/span><\/p><p class=\"p3\"><span class=\"s1\">\u2022Do\u00f1a Santiago<\/span><\/p><p class=\"p3\"><span class=\"s1\">\u2022 Denise Carreto-Mu\u00f1oz<\/span><\/p><p class=\"p3\"><span class=\"s1\">\u2022 Christine A. Dettmann<\/span><\/p><p class=\"p3\"><span class=\"s1\">\u2022 Jeanne M. Short<\/span><\/p><p class=\"p3\"><span class=\"s1\">\u2022 Carlos Avina Soto<\/span><\/p><p class=\"p3\"><span class=\"s1\">\u2022 John F. Banas<\/span><\/p><p class=\"p3\"><span class=\"s1\">\u2022 Mirza J. Baig<\/span><\/p><p class=\"p3\"><span class=\"s1\">\u2022Mathew Myers<\/span><\/p><p class=\"p1\"><span class=\"s2\">Alcalde (20:05 \u2013 21:00 horas)<\/span><\/p><p class=\"p3\"><span class=\"s1\">\u2022 Rub\u00e9n Pineda<\/span><\/p><p class=\"p3\"><span class=\"s1\">\u2022 Jos\u00e9 Sheehan<\/span><\/p><p class=\"p3\"><span class=\"s1\">\u2022 Daniel Bovey<\/span><\/p><p class=\"p3\"><span class=\"s1\">Se anima a los residentes a asistir e interactuar con los candidatos para tomar decisiones informadas antes de dirigirse a las urnas.<\/span><\/p><p class=\"p3\"><span class=\"s1\">\u00a0<\/span><\/p><p class=\"p3\"><span class=\"s1\">\u00a0<\/span><\/p>\t\t\t\t\t\t\t\t<\/div>\n\t\t\t\t<\/div>\n\t\t\t\t\t<\/div>\n\t\t\t\t<\/div>\n\t\t\t\t<\/div>","protected":false},"excerpt":{"rendered":"<p>Events WHAT: Casa Michoac\u00e1n, the Western DuPage Chamber of Commerce, and the Islamic Center of the West Suburbs invite the public to a reception before and after the swearing-in of West Chicago\u2019s new mayor and city council members. WHEN: Monday, May 5\u2014Reception 6:30-8:30pm, Swearing-in Ceremony 7:00pm WHERE: West Chicago Community High School Cafetorium, Entrance 25 [&hellip;]<\/p>","protected":false},"author":1,"featured_media":0,"parent":0,"menu_order":0,"comment_status":"closed","ping_status":"closed","template":"","meta":{"_seopress_robots_primary_cat":"","_seopress_titles_title":"","_seopress_titles_desc":"","_seopress_robots_index":"","footnotes":""},"class_list":["post-587","page","type-page","status-publish","hentry"],"_links":{"self":[{"href":"https:\/\/www.votedanielbovey.com\/es\/wp-json\/wp\/v2\/pages\/587","targetHints":{"allow":["GET"]}}],"collection":[{"href":"https:\/\/www.votedanielbovey.com\/es\/wp-json\/wp\/v2\/pages"}],"about":[{"href":"https:\/\/www.votedanielbovey.com\/es\/wp-json\/wp\/v2\/types\/page"}],"author":[{"embeddable":true,"href":"https:\/\/www.votedanielbovey.com\/es\/wp-json\/wp\/v2\/users\/1"}],"replies":[{"embeddable":true,"href":"https:\/\/www.votedanielbovey.com\/es\/wp-json\/wp\/v2\/comments?post=587"}],"version-history":[{"count":52,"href":"https:\/\/www.votedanielbovey.com\/es\/wp-json\/wp\/v2\/pages\/587\/revisions"}],"predecessor-version":[{"id":1126,"href":"https:\/\/www.votedanielbovey.com\/es\/wp-json\/wp\/v2\/pages\/587\/revisions\/1126"}],"wp:attachment":[{"href":"https:\/\/www.votedanielbovey.com\/es\/wp-json\/wp\/v2\/media?parent=587"}],"curies":[{"name":"wp","href":"https:\/\/api.w.org\/{rel}","templated":true}]}}