{"id":328,"date":"2025-02-03T19:49:36","date_gmt":"2025-02-03T19:49:36","guid":{"rendered":"https:\/\/wp.votedanielbovey.com\/donate\/"},"modified":"2025-02-14T22:15:24","modified_gmt":"2025-02-14T22:15:24","slug":"donate","status":"publish","type":"page","link":"https:\/\/www.votedanielbovey.com\/es\/donate\/","title":{"rendered":"Donar"},"content":{"rendered":"<div data-elementor-type=\"wp-page\" data-elementor-id=\"328\" class=\"elementor elementor-328\" data-elementor-post-type=\"page\">\n\t\t\t\t<div class=\"elementor-element elementor-element-2b9dfe6 e-flex e-con-boxed e-con e-parent\" data-id=\"2b9dfe6\" data-element_type=\"container\">\n\t\t\t\t\t<div class=\"e-con-inner\">\n\t\t\t\t<div class=\"elementor-element elementor-element-cc2c939 elementor-widget-divider--view-line_text elementor-widget-divider--separator-type-pattern elementor-widget-divider--no-spacing elementor-widget-divider--element-align-center elementor-widget elementor-widget-divider\" data-id=\"cc2c939\" data-element_type=\"widget\" data-widget_type=\"divider.default\">\n\t\t\t\t<div class=\"elementor-widget-container\">\n\t\t\t\t\t\t\t<div class=\"elementor-divider\" style=\"--divider-pattern-url: url(&quot;data:image\/svg+xml,%3Csvg xmlns=&#039;http:\/\/www.w3.org\/2000\/svg&#039; preserveAspectRatio=&#039;xMidYMid meet&#039; overflow=&#039;visible&#039; height=&#039;100%&#039; viewBox=&#039;0 0 120 26&#039; fill=&#039;black&#039; stroke=&#039;none&#039;%3E%3Cpath d=&#039;M11.9,15.9L11.9,15.9L0,16c-0.2-3.7,1.5-5.7,4.9-6C10,9.6,12.4,14.2,11.9,15.9zM26.9,15.9L26.9,15.9L15,16c0.5-3.7,2.5-5.7,5.9-6C26,9.6,27.4,14.2,26.9,15.9z M37.1,10c3.4,0.3,5.1,2.3,4.9,6H30.1C29.5,14.4,31.9,9.6,37.1,10z M57,15.9L57,15.9L45,16c0-3.4,1.6-5.4,4.9-5.9C54.8,9.3,57.4,14.2,57,15.9z M71.9,15.9L71.9,15.9L60,16c-0.2-3.7,1.5-5.7,4.9-6C70,9.6,72.4,14.2,71.9,15.9z M82.2,10c3.4,0.3,5,2.3,4.8,6H75.3C74,13,77.1,9.6,82.2,10zM101.9,15.9L101.9,15.9L90,16c-0.2-3.7,1.5-5.7,4.9-6C100,9.6,102.4,14.2,101.9,15.9z M112.1,10.1c2.7,0.5,4.3,2.5,4.9,5.9h-11.9l0,0C104.5,14.4,108,9.3,112.1,10.1z&#039;\/%3E%3C\/svg%3E&quot;);\">\n\t\t\t<span class=\"elementor-divider-separator\">\n\t\t\t\t\t\t\t<span class=\"elementor-divider__text elementor-divider__element\">\n\t\t\t\tDonar\t\t\t\t<\/span>\n\t\t\t\t\t\t<\/span>\n\t\t<\/div>\n\t\t\t\t\t\t<\/div>\n\t\t\t\t<\/div>\n\t\t\t\t\t<\/div>\n\t\t\t\t<\/div>\n\t\t<div data-dce-background-color=\"#2729630F\" class=\"elementor-element elementor-element-6f783a0 e-flex e-con-boxed e-con e-parent\" data-id=\"6f783a0\" data-element_type=\"container\" data-settings=\"{&quot;background_background&quot;:&quot;classic&quot;}\">\n\t\t\t\t\t<div class=\"e-con-inner\">\n\t\t<div class=\"elementor-element elementor-element-b8efde6 e-con-full e-flex e-con e-child\" data-id=\"b8efde6\" data-element_type=\"container\">\n\t\t<div class=\"elementor-element elementor-element-62792c2 e-con-full e-flex e-con e-child\" data-id=\"62792c2\" data-element_type=\"container\">\n\t\t\t\t<div class=\"elementor-element elementor-element-0620410 elementor-widget elementor-widget-text-editor\" data-id=\"0620410\" data-element_type=\"widget\" data-widget_type=\"text-editor.default\">\n\t\t\t\t<div class=\"elementor-widget-container\">\n\t\t\t\t\t\t\t\t\t<p>Sus donaciones ayudar\u00e1n a sufragar los gastos necesarios para llevar a cabo una campa\u00f1a eficaz. Tenga en cuenta que, por ley, las donaciones no son deducibles de impuestos. Las opciones para donar incluyen:<\/p>\t\t\t\t\t\t\t\t<\/div>\n\t\t\t\t<\/div>\n\t\t<div class=\"elementor-element elementor-element-356a004 e-con-full e-flex e-con e-child\" data-id=\"356a004\" data-element_type=\"container\">\n\t\t<div class=\"elementor-element elementor-element-eb472b0 e-con-full e-flex e-con e-child\" data-id=\"eb472b0\" data-element_type=\"container\">\n\t\t\t\t<div class=\"elementor-element elementor-element-051f292 dce_masking-none elementor-widget elementor-widget-image\" data-id=\"051f292\" data-element_type=\"widget\" data-widget_type=\"image.default\">\n\t\t\t\t<div class=\"elementor-widget-container\">\n\t\t\t\t\t\t\t\t\t\t\t\t\t\t\t<img alt=\"\" fetchpriority=\"high\" decoding=\"async\" width=\"800\" height=\"450\" src=\"https:\/\/www.votedanielbovey.com\/wp-content\/uploads\/2025\/02\/Stripe-Logo-3374730598-1024x576.png\" class=\"attachment-large size-large wp-image-646\" srcset=\"https:\/\/www.votedanielbovey.com\/wp-content\/uploads\/2025\/02\/Stripe-Logo-3374730598-1024x576.png 1024w, https:\/\/www.votedanielbovey.com\/wp-content\/uploads\/2025\/02\/Stripe-Logo-3374730598-300x169.png 300w, https:\/\/www.votedanielbovey.com\/wp-content\/uploads\/2025\/02\/Stripe-Logo-3374730598-768x432.png 768w, https:\/\/www.votedanielbovey.com\/wp-content\/uploads\/2025\/02\/Stripe-Logo-3374730598-1536x864.png 1536w, https:\/\/www.votedanielbovey.com\/wp-content\/uploads\/2025\/02\/Stripe-Logo-3374730598-2048x1152.png 2048w, https:\/\/www.votedanielbovey.com\/wp-content\/uploads\/2025\/02\/Stripe-Logo-3374730598-18x10.png 18w\" sizes=\"(max-width: 800px) 100vw, 800px\" \/>\t\t\t\t\t\t\t\t\t\t\t\t\t\t\t<\/div>\n\t\t\t\t<\/div>\n\t\t\t\t<div class=\"elementor-element elementor-element-cfe6404 elementor-widget elementor-widget-text-editor\" data-id=\"cfe6404\" data-element_type=\"widget\" data-widget_type=\"text-editor.default\">\n\t\t\t\t<div class=\"elementor-widget-container\">\n\t\t\t\t\t\t\t\t\t<p>Tarjeta de cr\u00e9dito. No se requiere una cuenta para realizar donaciones con tarjeta de cr\u00e9dito.<\/p>\t\t\t\t\t\t\t\t<\/div>\n\t\t\t\t<\/div>\n\t\t\t\t<div class=\"elementor-element elementor-element-ef0d402 elementor-widget elementor-widget-button\" data-id=\"ef0d402\" data-element_type=\"widget\" data-widget_type=\"button.default\">\n\t\t\t\t<div class=\"elementor-widget-container\">\n\t\t\t\t\t\t\t\t\t<div class=\"elementor-button-wrapper\">\n\t\t\t\t\t<a class=\"elementor-button elementor-button-link elementor-size-sm\" href=\"https:\/\/donate.stripe.com\/4gwcPx3IL5sy7F6001\" target=\"_blank\">\n\t\t\t\t\t\t<span class=\"elementor-button-content-wrapper\">\n\t\t\t\t\t\t<span class=\"elementor-button-icon\">\n\t\t\t\t<svg aria-hidden=\"true\" class=\"e-font-icon-svg e-fab-stripe-s\" viewbox=\"0 0 384 512\" xmlns=\"http:\/\/www.w3.org\/2000\/svg\"><path d=\"M155.3 154.6c0-22.3 18.6-30.9 48.4-30.9 43.4 0 98.5 13.3 141.9 36.7V26.1C298.3 7.2 251.1 0 203.8 0 88.1 0 11 60.4 11 161.4c0 157.9 216.8 132.3 216.8 200.4 0 26.4-22.9 34.9-54.7 34.9-47.2 0-108.2-19.5-156.1-45.5v128.5a396.09 396.09 0 0 0 156 32.4c118.6 0 200.3-51 200.3-153.6 0-170.2-218-139.7-218-203.9z\"><\/path><\/svg>\t\t\t<\/span>\n\t\t\t\t\t\t\t\t\t<span class=\"elementor-button-text\">Donar ahora<\/span>\n\t\t\t\t\t<\/span>\n\t\t\t\t\t<\/a>\n\t\t\t\t<\/div>\n\t\t\t\t\t\t\t\t<\/div>\n\t\t\t\t<\/div>\n\t\t\t\t<\/div>\n\t\t<div class=\"elementor-element elementor-element-cd3dfb4 e-con-full e-flex e-con e-child\" data-id=\"cd3dfb4\" data-element_type=\"container\">\n\t\t\t\t<div class=\"elementor-element elementor-element-c8101f4 dce_masking-none elementor-widget elementor-widget-image\" data-id=\"c8101f4\" data-element_type=\"widget\" data-widget_type=\"image.default\">\n\t\t\t\t<div class=\"elementor-widget-container\">\n\t\t\t\t\t\t\t\t\t\t\t\t\t\t\t<img alt=\"\" decoding=\"async\" width=\"800\" height=\"345\" src=\"https:\/\/www.votedanielbovey.com\/wp-content\/uploads\/2025\/02\/1727665959_logo-zelle-png-1024x442.png\" class=\"attachment-large size-large wp-image-376\" srcset=\"https:\/\/www.votedanielbovey.com\/wp-content\/uploads\/2025\/02\/1727665959_logo-zelle-png-1024x442.png 1024w, https:\/\/www.votedanielbovey.com\/wp-content\/uploads\/2025\/02\/1727665959_logo-zelle-png-300x129.png 300w, https:\/\/www.votedanielbovey.com\/wp-content\/uploads\/2025\/02\/1727665959_logo-zelle-png-768x331.png 768w, https:\/\/www.votedanielbovey.com\/wp-content\/uploads\/2025\/02\/1727665959_logo-zelle-png-1536x663.png 1536w, https:\/\/www.votedanielbovey.com\/wp-content\/uploads\/2025\/02\/1727665959_logo-zelle-png-2048x883.png 2048w, https:\/\/www.votedanielbovey.com\/wp-content\/uploads\/2025\/02\/1727665959_logo-zelle-png-18x8.png 18w\" sizes=\"(max-width: 800px) 100vw, 800px\" \/>\t\t\t\t\t\t\t\t\t\t\t\t\t\t\t<\/div>\n\t\t\t\t<\/div>\n\t\t\t\t<div class=\"elementor-element elementor-element-fb3011f elementor-widget elementor-widget-text-editor\" data-id=\"fb3011f\" data-element_type=\"widget\" data-widget_type=\"text-editor.default\">\n\t\t\t\t<div class=\"elementor-widget-container\">\n\t\t\t\t\t\t\t\t\t<p class=\"zfr3Q CDt4Ke\" dir=\"ltr\" role=\"presentation\"><span class=\"C9DxTc\">Abra su aplicaci\u00f3n bancaria y busque la opci\u00f3n de pagos Zelle. Escanee el c\u00f3digo QR de Zelle en esta p\u00e1gina.<\/span><\/p>\t\t\t\t\t\t\t\t<\/div>\n\t\t\t\t<\/div>\n\t\t\t\t<div class=\"elementor-element elementor-element-7bdb1c1 elementor-widget elementor-widget-button\" data-id=\"7bdb1c1\" data-element_type=\"widget\" data-widget_type=\"button.default\">\n\t\t\t\t<div class=\"elementor-widget-container\">\n\t\t\t\t\t\t\t\t\t<div class=\"elementor-button-wrapper\">\n\t\t\t\t\t<a class=\"elementor-button elementor-button-link elementor-size-sm\" href=\"https:\/\/enroll.zellepay.com\/qr-codes?data=eyJuYW1lIjoiRnJpZW5kcyBPZiBEYW5pZWwgQm92ZXkiLCJhY3Rpb24iOiJwYXltZW50IiwidG9rZW4iOiJkYW5hbmRqb2R5Ym92ZXlAZ21haWwuY29tIn0=\" target=\"_blank\">\n\t\t\t\t\t\t<span class=\"elementor-button-content-wrapper\">\n\t\t\t\t\t\t<span class=\"elementor-button-icon\">\n\t\t\t\t<svg aria-hidden=\"true\" class=\"e-font-icon-svg e-fas-dollar-sign\" viewbox=\"0 0 288 512\" xmlns=\"http:\/\/www.w3.org\/2000\/svg\"><path d=\"M209.2 233.4l-108-31.6C88.7 198.2 80 186.5 80 173.5c0-16.3 13.2-29.5 29.5-29.5h66.3c12.2 0 24.2 3.7 34.2 10.5 6.1 4.1 14.3 3.1 19.5-2l34.8-34c7.1-6.9 6.1-18.4-1.8-24.5C238 74.8 207.4 64.1 176 64V16c0-8.8-7.2-16-16-16h-32c-8.8 0-16 7.2-16 16v48h-2.5C45.8 64-5.4 118.7.5 183.6c4.2 46.1 39.4 83.6 83.8 96.6l102.5 30c12.5 3.7 21.2 15.3 21.2 28.3 0 16.3-13.2 29.5-29.5 29.5h-66.3C100 368 88 364.3 78 357.5c-6.1-4.1-14.3-3.1-19.5 2l-34.8 34c-7.1 6.9-6.1 18.4 1.8 24.5 24.5 19.2 55.1 29.9 86.5 30v48c0 8.8 7.2 16 16 16h32c8.8 0 16-7.2 16-16v-48.2c46.6-.9 90.3-28.6 105.7-72.7 21.5-61.6-14.6-124.8-72.5-141.7z\"><\/path><\/svg>\t\t\t<\/span>\n\t\t\t\t\t\t\t\t\t<span class=\"elementor-button-text\">Donar ahora<\/span>\n\t\t\t\t\t<\/span>\n\t\t\t\t\t<\/a>\n\t\t\t\t<\/div>\n\t\t\t\t\t\t\t\t<\/div>\n\t\t\t\t<\/div>\n\t\t\t\t<\/div>\n\t\t<div class=\"elementor-element elementor-element-9170d3f e-con-full e-flex e-con e-child\" data-id=\"9170d3f\" data-element_type=\"container\">\n\t\t\t\t<div class=\"elementor-element elementor-element-e8b0a83 elementor-view-default elementor-widget elementor-widget-icon\" data-id=\"e8b0a83\" data-element_type=\"widget\" data-widget_type=\"icon.default\">\n\t\t\t\t<div class=\"elementor-widget-container\">\n\t\t\t\t\t\t\t<div class=\"elementor-icon-wrapper\">\n\t\t\t<div class=\"elementor-icon\">\n\t\t\t<svg xmlns=\"http:\/\/www.w3.org\/2000\/svg\" viewbox=\"0 0 576 512\"><path d=\"M64 96c-17.7 0-32 14.3-32 32l0 256c0 17.7 14.3 32 32 32l448 0c17.7 0 32-14.3 32-32l0-256c0-17.7-14.3-32-32-32L64 96zM0 128C0 92.7 28.7 64 64 64l448 0c35.3 0 64 28.7 64 64l0 256c0 35.3-28.7 64-64 64L64 448c-35.3 0-64-28.7-64-64L0 128zm112 96l128 0c8.8 0 16 7.2 16 16s-7.2 16-16 16l-128 0c-8.8 0-16-7.2-16-16s7.2-16 16-16zM96 336c0-8.8 7.2-16 16-16l352 0c8.8 0 16 7.2 16 16s-7.2 16-16 16l-352 0c-8.8 0-16-7.2-16-16zM360 176c-4.4 0-8 3.6-8 8l0 48c0 4.4 3.6 8 8 8l80 0c4.4 0 8-3.6 8-8l0-48c0-4.4-3.6-8-8-8l-80 0zm-40 8c0-22.1 17.9-40 40-40l80 0c22.1 0 40 17.9 40 40l0 48c0 22.1-17.9 40-40 40l-80 0c-22.1 0-40-17.9-40-40l0-48z\"><\/path><\/svg>\t\t\t<\/div>\n\t\t<\/div>\n\t\t\t\t\t\t<\/div>\n\t\t\t\t<\/div>\n\t\t\t\t<div class=\"elementor-element elementor-element-d85ff6d elementor-widget elementor-widget-text-editor\" data-id=\"d85ff6d\" data-element_type=\"widget\" data-widget_type=\"text-editor.default\">\n\t\t\t\t<div class=\"elementor-widget-container\">\n\t\t\t\t\t\t\t\t\t<p class=\"zfr3Q CDt4Ke\" dir=\"ltr\" role=\"presentation\"><span class=\"C9DxTc\">Por favor, haga un cheque a nombre de \u201cAmigos de Dan Bovey\u201d y env\u00edelo por correo a la campa\u00f1a. <\/span><span class=\"C9DxTc\">sede: <strong>29w204 Calle Roosevelt<\/strong><br \/><strong>Oeste de Chicago, IL 60185<\/strong><\/span><\/p>\t\t\t\t\t\t\t\t<\/div>\n\t\t\t\t<\/div>\n\t\t\t\t<\/div>\n\t\t\t\t<\/div>\n\t\t\t\t<\/div>\n\t\t<div class=\"elementor-element elementor-element-49666e9 e-con-full e-flex e-con e-child\" data-id=\"49666e9\" data-element_type=\"container\">\n\t\t\t\t<div class=\"elementor-element elementor-element-8f2ec1c dce_masking-none elementor-widget elementor-widget-image\" data-id=\"8f2ec1c\" data-element_type=\"widget\" data-widget_type=\"image.default\">\n\t\t\t\t<div class=\"elementor-widget-container\">\n\t\t\t\t\t\t\t\t\t\t\t\t\t\t\t<img alt=\"\" decoding=\"async\" width=\"450\" height=\"637\" src=\"https:\/\/www.votedanielbovey.com\/wp-content\/uploads\/2025\/02\/629c2d124d8e0c765747b0f36863671b-1.png\" class=\"attachment-large size-large wp-image-375\" srcset=\"https:\/\/www.votedanielbovey.com\/wp-content\/uploads\/2025\/02\/629c2d124d8e0c765747b0f36863671b-1.png 450w, https:\/\/www.votedanielbovey.com\/wp-content\/uploads\/2025\/02\/629c2d124d8e0c765747b0f36863671b-1-212x300.png 212w, https:\/\/www.votedanielbovey.com\/wp-content\/uploads\/2025\/02\/629c2d124d8e0c765747b0f36863671b-1-8x12.png 8w\" sizes=\"(max-width: 450px) 100vw, 450px\" \/>\t\t\t\t\t\t\t\t\t\t\t\t\t\t\t<\/div>\n\t\t\t\t<\/div>\n\t\t\t\t<\/div>\n\t\t\t\t<\/div>\n\t\t\t\t\t<\/div>\n\t\t\t\t<\/div>\n\t\t\t\t<\/div>","protected":false},"excerpt":{"rendered":"<p>Donate Your donations will help defray the expense of running an effective campaign.\u00a0 Please note that by law, donations are not tax-deductible.\u00a0 Options to donate include: Credit Card. No account is required for credit card donations. Donate Now Open your banking app and find the Zelle payments option.\u00a0 Scan the Zelle QR code on this [&hellip;]<\/p>","protected":false},"author":1,"featured_media":0,"parent":0,"menu_order":4,"comment_status":"closed","ping_status":"closed","template":"","meta":{"_seopress_robots_primary_cat":"","_seopress_titles_title":"","_seopress_titles_desc":"","_seopress_robots_index":"","footnotes":""},"class_list":["post-328","page","type-page","status-publish","hentry"],"_links":{"self":[{"href":"https:\/\/www.votedanielbovey.com\/es\/wp-json\/wp\/v2\/pages\/328","targetHints":{"allow":["GET"]}}],"collection":[{"href":"https:\/\/www.votedanielbovey.com\/es\/wp-json\/wp\/v2\/pages"}],"about":[{"href":"https:\/\/www.votedanielbovey.com\/es\/wp-json\/wp\/v2\/types\/page"}],"author":[{"embeddable":true,"href":"https:\/\/www.votedanielbovey.com\/es\/wp-json\/wp\/v2\/users\/1"}],"replies":[{"embeddable":true,"href":"https:\/\/www.votedanielbovey.com\/es\/wp-json\/wp\/v2\/comments?post=328"}],"version-history":[{"count":41,"href":"https:\/\/www.votedanielbovey.com\/es\/wp-json\/wp\/v2\/pages\/328\/revisions"}],"predecessor-version":[{"id":830,"href":"https:\/\/www.votedanielbovey.com\/es\/wp-json\/wp\/v2\/pages\/328\/revisions\/830"}],"wp:attachment":[{"href":"https:\/\/www.votedanielbovey.com\/es\/wp-json\/wp\/v2\/media?parent=328"}],"curies":[{"name":"wp","href":"https:\/\/api.w.org\/{rel}","templated":true}]}}