{"id":322,"date":"2025-02-03T19:49:36","date_gmt":"2025-02-03T19:49:36","guid":{"rendered":"https:\/\/wp.votedanielbovey.com\/meet-dan\/"},"modified":"2025-02-15T16:43:58","modified_gmt":"2025-02-15T16:43:58","slug":"meet-dan","status":"publish","type":"page","link":"https:\/\/www.votedanielbovey.com\/es\/meet-dan\/","title":{"rendered":"Conoce a Daniel"},"content":{"rendered":"<div data-elementor-type=\"wp-page\" data-elementor-id=\"322\" class=\"elementor elementor-322\" data-elementor-post-type=\"page\">\n\t\t\t\t<div class=\"elementor-element elementor-element-691cfb3 e-flex e-con-boxed e-con e-parent\" data-id=\"691cfb3\" data-element_type=\"container\">\n\t\t\t\t\t<div class=\"e-con-inner\">\n\t\t\t\t<div class=\"elementor-element elementor-element-70602f8 elementor-widget-divider--view-line_text elementor-widget-divider--separator-type-pattern elementor-widget-divider--no-spacing elementor-widget-divider--element-align-center elementor-widget elementor-widget-divider\" data-id=\"70602f8\" data-element_type=\"widget\" data-widget_type=\"divider.default\">\n\t\t\t\t<div class=\"elementor-widget-container\">\n\t\t\t\t\t\t\t<div class=\"elementor-divider\" style=\"--divider-pattern-url: url(&quot;data:image\/svg+xml,%3Csvg xmlns=&#039;http:\/\/www.w3.org\/2000\/svg&#039; preserveAspectRatio=&#039;xMidYMid meet&#039; overflow=&#039;visible&#039; height=&#039;100%&#039; viewBox=&#039;0 0 120 26&#039; fill=&#039;black&#039; stroke=&#039;none&#039;%3E%3Cpath d=&#039;M11.9,15.9L11.9,15.9L0,16c-0.2-3.7,1.5-5.7,4.9-6C10,9.6,12.4,14.2,11.9,15.9zM26.9,15.9L26.9,15.9L15,16c0.5-3.7,2.5-5.7,5.9-6C26,9.6,27.4,14.2,26.9,15.9z M37.1,10c3.4,0.3,5.1,2.3,4.9,6H30.1C29.5,14.4,31.9,9.6,37.1,10z M57,15.9L57,15.9L45,16c0-3.4,1.6-5.4,4.9-5.9C54.8,9.3,57.4,14.2,57,15.9z M71.9,15.9L71.9,15.9L60,16c-0.2-3.7,1.5-5.7,4.9-6C70,9.6,72.4,14.2,71.9,15.9z M82.2,10c3.4,0.3,5,2.3,4.8,6H75.3C74,13,77.1,9.6,82.2,10zM101.9,15.9L101.9,15.9L90,16c-0.2-3.7,1.5-5.7,4.9-6C100,9.6,102.4,14.2,101.9,15.9z M112.1,10.1c2.7,0.5,4.3,2.5,4.9,5.9h-11.9l0,0C104.5,14.4,108,9.3,112.1,10.1z&#039;\/%3E%3C\/svg%3E&quot;);\">\n\t\t\t<span class=\"elementor-divider-separator\">\n\t\t\t\t\t\t\t<span class=\"elementor-divider__text elementor-divider__element\">\n\t\t\t\tConoce a Daniel\t\t\t\t<\/span>\n\t\t\t\t\t\t<\/span>\n\t\t<\/div>\n\t\t\t\t\t\t<\/div>\n\t\t\t\t<\/div>\n\t\t\t\t\t<\/div>\n\t\t\t\t<\/div>\n\t\t<div class=\"elementor-element elementor-element-cfa6dee e-flex e-con-boxed e-con e-parent\" data-id=\"cfa6dee\" data-element_type=\"container\">\n\t\t\t\t\t<div class=\"e-con-inner\">\n\t\t<div class=\"elementor-element elementor-element-183525f e-con-full e-flex e-con e-child\" data-id=\"183525f\" data-element_type=\"container\" data-settings=\"{&quot;background_background&quot;:&quot;slideshow&quot;,&quot;background_slideshow_gallery&quot;:[{&quot;id&quot;:81,&quot;url&quot;:&quot;https:\\\/\\\/www.votedanielbovey.com\\\/wp-content\\\/uploads\\\/2025\\\/01\\\/dan.jpg&quot;}],&quot;background_slideshow_ken_burns&quot;:&quot;yes&quot;,&quot;background_slideshow_loop&quot;:&quot;yes&quot;,&quot;background_slideshow_slide_duration&quot;:5000,&quot;background_slideshow_slide_transition&quot;:&quot;fade&quot;,&quot;background_slideshow_transition_duration&quot;:500,&quot;background_slideshow_ken_burns_zoom_direction&quot;:&quot;in&quot;}\">\n\t\t\t\t<\/div>\n\t\t<div class=\"elementor-element elementor-element-0489f9a e-con-full e-flex e-con e-child\" data-id=\"0489f9a\" data-element_type=\"container\">\n\t\t\t\t<div class=\"elementor-element elementor-element-2b9b3ce elementor-widget elementor-widget-text-editor\" data-id=\"2b9b3ce\" data-element_type=\"widget\" data-widget_type=\"text-editor.default\">\n\t\t\t\t<div class=\"elementor-widget-container\">\n\t\t\t\t\t\t\t\t\t<p class=\"p1\"><span class=\"s1\">Daniel es un esposo y padre dedicado que equilibra su vida personal con sus responsabilidades profesionales como pastor biling\u00fce y due\u00f1o de un negocio. Con un profundo compromiso con su comunidad, Daniel est\u00e1 impulsado por una visi\u00f3n de restaurar la integridad del cargo de alcalde, asegurando que el ayuntamiento sirva a los residentes de West Chicago con eficacia y transparencia.<\/span><\/p>\t\t\t\t\t\t\t\t<\/div>\n\t\t\t\t<\/div>\n\t\t\t\t<\/div>\n\t\t\t\t\t<\/div>\n\t\t\t\t<\/div>\n\t\t<div class=\"elementor-element elementor-element-13276ae e-flex e-con-boxed e-con e-parent\" data-id=\"13276ae\" data-element_type=\"container\">\n\t\t\t\t\t<div class=\"e-con-inner\">\n\t\t<div class=\"elementor-element elementor-element-127c6b9 e-con-full e-flex e-con e-child\" data-id=\"127c6b9\" data-element_type=\"container\" data-settings=\"{&quot;background_background&quot;:&quot;slideshow&quot;,&quot;background_slideshow_gallery&quot;:[{&quot;id&quot;:88,&quot;url&quot;:&quot;https:\\\/\\\/www.votedanielbovey.com\\\/wp-content\\\/uploads\\\/2025\\\/01\\\/28a3466d5c5b48935b5f93a8299e25ab.jpg&quot;}],&quot;background_slideshow_ken_burns&quot;:&quot;yes&quot;,&quot;background_slideshow_loop&quot;:&quot;yes&quot;,&quot;background_slideshow_slide_duration&quot;:5000,&quot;background_slideshow_slide_transition&quot;:&quot;fade&quot;,&quot;background_slideshow_transition_duration&quot;:500,&quot;background_slideshow_ken_burns_zoom_direction&quot;:&quot;in&quot;}\">\n\t\t\t\t<\/div>\n\t\t<div class=\"elementor-element elementor-element-5b2340b e-con-full e-flex e-con e-child\" data-id=\"5b2340b\" data-element_type=\"container\">\n\t\t\t\t<div class=\"elementor-element elementor-element-12c596b elementor-widget elementor-widget-heading\" data-id=\"12c596b\" data-element_type=\"widget\" data-widget_type=\"heading.default\">\n\t\t\t\t<div class=\"elementor-widget-container\">\n\t\t\t\t\t<h2 class=\"elementor-heading-title elementor-size-default\">Hombre de familia<\/h2>\t\t\t\t<\/div>\n\t\t\t\t<\/div>\n\t\t\t\t<div class=\"elementor-element elementor-element-f287d03 elementor-widget elementor-widget-text-editor\" data-id=\"f287d03\" data-element_type=\"widget\" data-widget_type=\"text-editor.default\">\n\t\t\t\t<div class=\"elementor-widget-container\">\n\t\t\t\t\t\t\t\t\t<p class=\"p1\"><span class=\"s1\">Daniel, que lleva m\u00e1s de 25 a\u00f1os viviendo en West Chicago, junto con su esposa Jody y sus cuatro hijos, ha invertido mucho en la comunidad. Durante este tiempo, ha sido pastor de la Iglesia Biling\u00fce New Life y ha dirigido una peque\u00f1a empresa de jardiner\u00eda y remoci\u00f3n de nieve. Sus hijos han prosperado en el entorno local; el mayor ahora ense\u00f1a en el Distrito 33 junto con Jody, mientras que los dem\u00e1s contin\u00faan su educaci\u00f3n en varios niveles dentro del sistema escolar local.<\/span><\/p>\t\t\t\t\t\t\t\t<\/div>\n\t\t\t\t<\/div>\n\t\t\t\t<\/div>\n\t\t\t\t\t<\/div>\n\t\t\t\t<\/div>\n\t\t<div class=\"elementor-element elementor-element-cb014ac e-flex e-con-boxed e-con e-parent\" data-id=\"cb014ac\" data-element_type=\"container\">\n\t\t\t\t\t<div class=\"e-con-inner\">\n\t\t<div class=\"elementor-element elementor-element-190f613 e-con-full e-flex e-con e-child\" data-id=\"190f613\" data-element_type=\"container\" data-settings=\"{&quot;background_background&quot;:&quot;slideshow&quot;,&quot;background_slideshow_gallery&quot;:[{&quot;id&quot;:89,&quot;url&quot;:&quot;https:\\\/\\\/www.votedanielbovey.com\\\/wp-content\\\/uploads\\\/2025\\\/01\\\/23ea334b6d9314865ae602d395bbdcdb.jpg&quot;}],&quot;background_slideshow_ken_burns&quot;:&quot;yes&quot;,&quot;background_slideshow_loop&quot;:&quot;yes&quot;,&quot;background_slideshow_slide_duration&quot;:5000,&quot;background_slideshow_slide_transition&quot;:&quot;fade&quot;,&quot;background_slideshow_transition_duration&quot;:500,&quot;background_slideshow_ken_burns_zoom_direction&quot;:&quot;in&quot;}\">\n\t\t\t\t<\/div>\n\t\t<div class=\"elementor-element elementor-element-cebbb43 e-con-full e-flex e-con e-child\" data-id=\"cebbb43\" data-element_type=\"container\">\n\t\t\t\t<div class=\"elementor-element elementor-element-26d22de elementor-widget elementor-widget-heading\" data-id=\"26d22de\" data-element_type=\"widget\" data-widget_type=\"heading.default\">\n\t\t\t\t<div class=\"elementor-widget-container\">\n\t\t\t\t\t<h2 class=\"elementor-heading-title elementor-size-default\">Un coraz\u00f3n para todas las personas<\/h2>\t\t\t\t<\/div>\n\t\t\t\t<\/div>\n\t\t\t\t<div class=\"elementor-element elementor-element-eb7eea6 elementor-widget elementor-widget-text-editor\" data-id=\"eb7eea6\" data-element_type=\"widget\" data-widget_type=\"text-editor.default\">\n\t\t\t\t<div class=\"elementor-widget-container\">\n\t\t\t\t\t\t\t\t\t<p class=\"p1\"><span class=\"s1\">El compromiso de Daniel con West Chicago se extiende m\u00e1s all\u00e1 de su familia. Ha fomentado una comunidad unida, participando en iniciativas como sesiones de escucha comunitaria para abordar las preocupaciones locales. Estos esfuerzos revelaron problemas sist\u00e9micos que requieren una mayor transparencia y rendici\u00f3n de cuentas en la gobernanza de la ciudad. En respuesta, Daniel ayud\u00f3 a formar \u201cWeGo for the People\u201d, una organizaci\u00f3n 501(c)(3) dedicada a abordar estos desaf\u00edos. A trav\u00e9s de una amplia investigaci\u00f3n y di\u00e1logo con l\u00edderes comunitarios, Daniel ha buscado comprender y resolver los problemas persistentes que enfrenta West Chicago, abogando por un gobierno que sirva de manera inclusiva a todos sus residentes.<\/span><\/p>\t\t\t\t\t\t\t\t<\/div>\n\t\t\t\t<\/div>\n\t\t\t\t<\/div>\n\t\t\t\t\t<\/div>\n\t\t\t\t<\/div>\n\t\t<div class=\"elementor-element elementor-element-fe7d7e8 e-flex e-con-boxed e-con e-parent\" data-id=\"fe7d7e8\" data-element_type=\"container\">\n\t\t\t\t\t<div class=\"e-con-inner\">\n\t\t<div data-dce-background-overlay-color=\"#00000000\" class=\"elementor-element elementor-element-225c153 e-con-full e-flex e-con e-child\" data-id=\"225c153\" data-element_type=\"container\" data-settings=\"{&quot;background_background&quot;:&quot;classic&quot;}\">\n\t\t<div class=\"elementor-element elementor-element-9ef3ed4 e-con-full e-flex e-con e-child\" data-id=\"9ef3ed4\" data-element_type=\"container\">\n\t\t\t\t<div class=\"elementor-element elementor-element-e540a44 dce_masking-none elementor-widget elementor-widget-image\" data-id=\"e540a44\" data-element_type=\"widget\" data-widget_type=\"image.default\">\n\t\t\t\t<div class=\"elementor-widget-container\">\n\t\t\t\t\t\t\t\t\t\t\t\t\t\t\t\t<a href=\"https:\/\/www.savethegreenhouse.com\/\" target=\"_blank\">\n\t\t\t\t\t\t\t<img alt=\"\" fetchpriority=\"high\" decoding=\"async\" width=\"720\" height=\"405\" src=\"https:\/\/www.votedanielbovey.com\/wp-content\/uploads\/2025\/02\/76606789_1700249060480936_r.png.webp\" class=\"attachment-large size-large wp-image-476\" srcset=\"https:\/\/www.votedanielbovey.com\/wp-content\/uploads\/2025\/02\/76606789_1700249060480936_r.png.webp 720w, https:\/\/www.votedanielbovey.com\/wp-content\/uploads\/2025\/02\/76606789_1700249060480936_r.png-300x169.webp 300w, https:\/\/www.votedanielbovey.com\/wp-content\/uploads\/2025\/02\/76606789_1700249060480936_r.png-18x10.webp 18w\" sizes=\"(max-width: 720px) 100vw, 720px\" \/>\t\t\t\t\t\t\t\t<\/a>\n\t\t\t\t\t\t\t\t\t\t\t\t\t\t\t<\/div>\n\t\t\t\t<\/div>\n\t\t<div class=\"elementor-element elementor-element-5d19e33 e-con-full e-flex e-con e-child\" data-id=\"5d19e33\" data-element_type=\"container\" data-settings=\"{&quot;background_background&quot;:&quot;classic&quot;}\">\n\t\t\t\t<div class=\"elementor-element elementor-element-533b279 elementor-widget elementor-widget-heading\" data-id=\"533b279\" data-element_type=\"widget\" data-widget_type=\"heading.default\">\n\t\t\t\t<div class=\"elementor-widget-container\">\n\t\t\t\t\t<h2 class=\"elementor-heading-title elementor-size-default\">Contacta con dan<\/h2>\t\t\t\t<\/div>\n\t\t\t\t<\/div>\n\t\t\t\t<div class=\"elementor-element elementor-element-fd8954c elementor-widget elementor-widget-text-editor\" data-id=\"fd8954c\" data-element_type=\"widget\" data-widget_type=\"text-editor.default\">\n\t\t\t\t<div class=\"elementor-widget-container\">\n\t\t\t\t\t\t\t\t\t<p><a rel=\"noopener\">dan@votedanielbovey.com<\/a><br \/>(630) 473-8285<\/p>\t\t\t\t\t\t\t\t<\/div>\n\t\t\t\t<\/div>\n\t\t\t\t<\/div>\n\t\t\t\t<\/div>\n\t\t<div class=\"elementor-element elementor-element-5db853f e-con-full e-flex e-con e-child\" data-id=\"5db853f\" data-element_type=\"container\">\n\t\t\t\t<div class=\"elementor-element elementor-element-43a3f72 elementor-widget elementor-widget-heading\" data-id=\"43a3f72\" data-element_type=\"widget\" data-widget_type=\"heading.default\">\n\t\t\t\t<div class=\"elementor-widget-container\">\n\t\t\t\t\t<h2 class=\"elementor-heading-title elementor-size-default\">Una nota personal de dan<\/h2>\t\t\t\t<\/div>\n\t\t\t\t<\/div>\n\t\t\t\t<div class=\"elementor-element elementor-element-9216051 elementor-widget elementor-widget-text-editor\" data-id=\"9216051\" data-element_type=\"widget\" data-widget_type=\"text-editor.default\">\n\t\t\t\t<div class=\"elementor-widget-container\">\n\t\t\t\t\t\t\t\t\t<p>Como ya sabr\u00e1n, la ciudad ha intentado recientemente multarme con $20,000 por construir un invernadero en mi patio trasero, despu\u00e9s de haberme otorgado permisos y de haber aprobado la estructura en muchas inspecciones municipales. Por frustrante que haya sido ese proceso, estoy agradecido a ese pobre, costoso y deshabitado invernadero que atrajo mi atenci\u00f3n hacia lo que estaba sucediendo a nivel sist\u00e9mico en West Chicago.<\/p><p>Como pastor de habla hispana en <strong>Iglesia Biling\u00fce Nueva Vida<\/strong>, propietario de una peque\u00f1a empresa en <strong>Cuidado del c\u00e9sped y del hogar a precios asequibles.<\/strong>Y como padre que cri\u00f3 una familia en West Chicago, me preocupo profundamente por nuestra comunidad desde todos los \u00e1ngulos.<\/p>\t\t\t\t\t\t\t\t<\/div>\n\t\t\t\t<\/div>\n\t\t\t\t<\/div>\n\t\t\t\t<\/div>\n\t\t\t\t\t<\/div>\n\t\t\t\t<\/div>\n\t\t\t\t<\/div>","protected":false},"excerpt":{"rendered":"<p>Meet daniel Daniel is a dedicated husband and father who balances his personal life with his professional responsibilities as a bilingual pastor and business owner. With a profound commitment to his community, Daniel is driven by a vision to restore integrity to the office of mayor, ensuring that city hall serves the residents of West [&hellip;]<\/p>","protected":false},"author":1,"featured_media":0,"parent":0,"menu_order":4,"comment_status":"closed","ping_status":"closed","template":"","meta":{"_seopress_robots_primary_cat":"","_seopress_titles_title":"","_seopress_titles_desc":"","_seopress_robots_index":"","footnotes":""},"class_list":["post-322","page","type-page","status-publish","hentry"],"_links":{"self":[{"href":"https:\/\/www.votedanielbovey.com\/es\/wp-json\/wp\/v2\/pages\/322","targetHints":{"allow":["GET"]}}],"collection":[{"href":"https:\/\/www.votedanielbovey.com\/es\/wp-json\/wp\/v2\/pages"}],"about":[{"href":"https:\/\/www.votedanielbovey.com\/es\/wp-json\/wp\/v2\/types\/page"}],"author":[{"embeddable":true,"href":"https:\/\/www.votedanielbovey.com\/es\/wp-json\/wp\/v2\/users\/1"}],"replies":[{"embeddable":true,"href":"https:\/\/www.votedanielbovey.com\/es\/wp-json\/wp\/v2\/comments?post=322"}],"version-history":[{"count":65,"href":"https:\/\/www.votedanielbovey.com\/es\/wp-json\/wp\/v2\/pages\/322\/revisions"}],"predecessor-version":[{"id":825,"href":"https:\/\/www.votedanielbovey.com\/es\/wp-json\/wp\/v2\/pages\/322\/revisions\/825"}],"wp:attachment":[{"href":"https:\/\/www.votedanielbovey.com\/es\/wp-json\/wp\/v2\/media?parent=322"}],"curies":[{"name":"wp","href":"https:\/\/api.w.org\/{rel}","templated":true}]}}