{"id":3,"date":"2025-01-29T23:28:47","date_gmt":"2025-01-29T23:28:47","guid":{"rendered":"https:\/\/wp.votedanielbovey.com\/?page_id=3"},"modified":"2025-03-21T16:05:51","modified_gmt":"2025-03-21T16:05:51","slug":"privacy-policy","status":"publish","type":"page","link":"https:\/\/www.votedanielbovey.com\/es\/privacy-policy\/","title":{"rendered":"pol\u00edtica de privacidad"},"content":{"rendered":"<div data-elementor-type=\"wp-page\" data-elementor-id=\"3\" class=\"elementor elementor-3\" data-elementor-post-type=\"page\">\n\t\t\t\t<div class=\"elementor-element elementor-element-355ced2 e-flex e-con-boxed e-con e-parent\" data-id=\"355ced2\" data-element_type=\"container\">\n\t\t\t\t\t<div class=\"e-con-inner\">\n\t\t\t\t<div class=\"elementor-element elementor-element-7f2e080 elementor-widget-divider--view-line_text elementor-widget-divider--separator-type-pattern elementor-widget-divider--no-spacing elementor-widget-divider--element-align-center elementor-widget elementor-widget-divider\" data-id=\"7f2e080\" data-element_type=\"widget\" data-widget_type=\"divider.default\">\n\t\t\t\t<div class=\"elementor-widget-container\">\n\t\t\t\t\t\t\t<div class=\"elementor-divider\" style=\"--divider-pattern-url: url(&quot;data:image\/svg+xml,%3Csvg xmlns=&#039;http:\/\/www.w3.org\/2000\/svg&#039; preserveAspectRatio=&#039;xMidYMid meet&#039; overflow=&#039;visible&#039; height=&#039;100%&#039; viewBox=&#039;0 0 120 26&#039; fill=&#039;black&#039; stroke=&#039;none&#039;%3E%3Cpath d=&#039;M11.9,15.9L11.9,15.9L0,16c-0.2-3.7,1.5-5.7,4.9-6C10,9.6,12.4,14.2,11.9,15.9zM26.9,15.9L26.9,15.9L15,16c0.5-3.7,2.5-5.7,5.9-6C26,9.6,27.4,14.2,26.9,15.9z M37.1,10c3.4,0.3,5.1,2.3,4.9,6H30.1C29.5,14.4,31.9,9.6,37.1,10z M57,15.9L57,15.9L45,16c0-3.4,1.6-5.4,4.9-5.9C54.8,9.3,57.4,14.2,57,15.9z M71.9,15.9L71.9,15.9L60,16c-0.2-3.7,1.5-5.7,4.9-6C70,9.6,72.4,14.2,71.9,15.9z M82.2,10c3.4,0.3,5,2.3,4.8,6H75.3C74,13,77.1,9.6,82.2,10zM101.9,15.9L101.9,15.9L90,16c-0.2-3.7,1.5-5.7,4.9-6C100,9.6,102.4,14.2,101.9,15.9z M112.1,10.1c2.7,0.5,4.3,2.5,4.9,5.9h-11.9l0,0C104.5,14.4,108,9.3,112.1,10.1z&#039;\/%3E%3C\/svg%3E&quot;);\">\n\t\t\t<span class=\"elementor-divider-separator\">\n\t\t\t\t\t\t\t<span class=\"elementor-divider__text elementor-divider__element\">\n\t\t\t\tpol\u00edtica de privacidad\t\t\t\t<\/span>\n\t\t\t\t\t\t<\/span>\n\t\t<\/div>\n\t\t\t\t\t\t<\/div>\n\t\t\t\t<\/div>\n\t\t\t\t\t<\/div>\n\t\t\t\t<\/div>\n\t\t<div data-dce-background-color=\"#2729630F\" class=\"elementor-element elementor-element-bf07ce4 e-flex e-con-boxed e-con e-parent\" data-id=\"bf07ce4\" data-element_type=\"container\" data-settings=\"{&quot;background_background&quot;:&quot;classic&quot;}\">\n\t\t\t\t\t<div class=\"e-con-inner\">\n\t\t<div class=\"elementor-element elementor-element-965ba79 e-con-full e-flex e-con e-child\" data-id=\"965ba79\" data-element_type=\"container\" data-settings=\"{&quot;background_background&quot;:&quot;slideshow&quot;,&quot;background_slideshow_gallery&quot;:[],&quot;background_slideshow_slide_duration&quot;:5000,&quot;background_slideshow_slide_transition&quot;:&quot;fade&quot;,&quot;background_slideshow_transition_duration&quot;:500}\">\n\t\t\t\t<div class=\"elementor-element elementor-element-f881e75 elementor-widget elementor-widget-text-editor\" data-id=\"f881e75\" data-element_type=\"widget\" data-widget_type=\"text-editor.default\">\n\t\t\t\t<div class=\"elementor-widget-container\">\n\t\t\t\t\t\t\t\t\t<p class=\"p1\"><span class=\"s1\"><b>Introducci\u00f3n<\/b><b><\/b><\/span><\/p><p class=\"p2\"><span class=\"s2\">Bienvenido a <a href=\"http:\/\/votedanielbovy.com\"><span class=\"s3\">voteanielbovey.com<\/span><\/a> (el \u201cSitio\u201d). Valoramos su privacidad y nos comprometemos a proteger su informaci\u00f3n personal. Esta Pol\u00edtica de privacidad describe c\u00f3mo recopilamos, usamos, divulgamos y salvaguardamos su informaci\u00f3n cuando visita nuestro Sitio.<\/span><\/p><p class=\"p1\"><span class=\"s1\"><b>Informaci\u00f3n que recopilamos<\/b><b><\/b><\/span><\/p><p class=\"p3\"><span class=\"s4\"><b>Informaci\u00f3n personal<\/b><b><\/b><\/span><\/p><p class=\"p2\"><span class=\"s2\">Podemos recopilar informaci\u00f3n personal que usted nos proporciona voluntariamente cuando se registra en el Sitio, expresa inter\u00e9s en obtener informaci\u00f3n sobre nosotros o nuestros productos y servicios, cuando participa en actividades en el Sitio o se comunica con nosotros de otra manera.<\/span><\/p><p class=\"p3\"><span class=\"s4\"><b>Recopilaci\u00f3n de datos de terceros<\/b><b><\/b><\/span><\/p><p class=\"p2\"><span class=\"s2\">Nuestro Sitio se integra con la plataforma Qomon, que puede recopilar datos de acuerdo con sus propias pol\u00edticas de privacidad. Le recomendamos que revise la pol\u00edtica de privacidad de Qomon para comprender sus pr\u00e1cticas de recopilaci\u00f3n de datos.<\/span><\/p><p class=\"p1\"><span class=\"s1\"><b>C\u00f3mo utilizamos su informaci\u00f3n<\/b><b><\/b><\/span><\/p><p class=\"p2\"><span class=\"s2\">Utilizamos la informaci\u00f3n que recopilamos o recibimos:<\/span><\/p><div class=\"d1\"><p class=\"p2\"><span class=\"s5\"> \u2022 <\/span><span class=\"s2\">Para facilitar el proceso de creaci\u00f3n de cuentas e inicio de sesi\u00f3n.<\/span><\/p><\/div><div class=\"d1\"><p class=\"p4\"><span class=\"s5\"> \u2022 <\/span><span class=\"s2\">Para enviarle comunicaciones de marketing y promocionales.<\/span><\/p><\/div><div class=\"d1\"><p class=\"p4\"><span class=\"s5\"> \u2022 <\/span><span class=\"s2\">Para cumplir y gestionar sus pedidos.<\/span><\/p><\/div><div class=\"d1\"><p class=\"p4\"><span class=\"s5\"> \u2022 <\/span><span class=\"s2\">Para publicar testimonios.<\/span><\/p><\/div><div class=\"d1\"><p class=\"p4\"><span class=\"s5\"> \u2022 <\/span><span class=\"s2\">Para enviarle publicidad dirigida.<\/span><\/p><\/div><div class=\"d1\"><p class=\"p4\"><span class=\"s5\"> \u2022 <\/span><span class=\"s2\">Para otros fines comerciales, como an\u00e1lisis de datos, identificaci\u00f3n de tendencias de uso y para evaluar y mejorar nuestro Sitio.<\/span><\/p><\/div><p class=\"p1\"><span class=\"s1\"><b>Compartir su informaci\u00f3n<\/b><b><\/b><\/span><\/p><p class=\"p2\"><span class=\"s2\">Podemos compartir su informaci\u00f3n con terceros en las siguientes situaciones:<\/span><\/p><div class=\"d1\"><p class=\"p2\"><span class=\"s5\"> \u2022 <\/span><span class=\"s2\">Con proveedores y vendedores de servicios para que presten servicios en nuestro nombre.<\/span><\/p><\/div><div class=\"d1\"><p class=\"p4\"><span class=\"s5\"> \u2022 <\/span><span class=\"s2\">Con Qomon como parte de su integraci\u00f3n de servicios.<\/span><\/p><\/div><p class=\"p1\"><span class=\"s1\"><b>Seguridad de su informaci\u00f3n<\/b><b><\/b><\/span><\/p><p class=\"p2\"><span class=\"s2\">Utilizamos medidas de seguridad administrativas, t\u00e9cnicas y f\u00edsicas para ayudar a proteger su informaci\u00f3n personal. Si bien hemos tomado medidas razonables para proteger la informaci\u00f3n personal que nos proporciona, tenga en cuenta que, a pesar de nuestros esfuerzos, ninguna medida de seguridad es perfecta o impenetrable.<\/span><\/p><p class=\"p1\"><span class=\"s1\"><b>Sus derechos de privacidad<\/b><b><\/b><\/span><\/p><p class=\"p2\"><span class=\"s2\">Dependiendo de su ubicaci\u00f3n, puede tener ciertos derechos con respecto a su informaci\u00f3n personal, como el derecho a acceder, corregir o eliminar sus datos personales. Comun\u00edquese con nosotros para ejercer estos derechos.<\/span><\/p><p class=\"p1\"><span class=\"s1\"><b>Cambios a esta Pol\u00edtica de Privacidad<\/b><b><\/b><\/span><\/p><p class=\"p2\"><span class=\"s2\">Es posible que actualicemos esta Pol\u00edtica de privacidad de vez en cuando. Le notificaremos cualquier cambio publicando la nueva Pol\u00edtica de privacidad en esta p\u00e1gina. Le recomendamos que revise esta Pol\u00edtica de privacidad peri\u00f3dicamente para comprobar si hay cambios.<\/span><\/p>\t\t\t\t\t\t\t\t<\/div>\n\t\t\t\t<\/div>\n\t\t\t\t<\/div>\n\t\t\t\t\t<\/div>\n\t\t\t\t<\/div>\n\t\t\t\t<\/div>","protected":false},"excerpt":{"rendered":"<p>Privacy Policy Introduction Welcome to votedanielbovey.com (the &#8220;Site&#8221;). We value your privacy and are committed to protecting your personal information. This Privacy Policy outlines how we collect, use, disclose, and safeguard your information when you visit our Site. Information We Collect Personal Information We may collect personal information that you voluntarily provide to us when [&hellip;]<\/p>","protected":false},"author":1,"featured_media":0,"parent":0,"menu_order":0,"comment_status":"closed","ping_status":"open","template":"","meta":{"_seopress_robots_primary_cat":"","_seopress_titles_title":"","_seopress_titles_desc":"","_seopress_robots_index":"","footnotes":""},"class_list":["post-3","page","type-page","status-publish","hentry"],"_links":{"self":[{"href":"https:\/\/www.votedanielbovey.com\/es\/wp-json\/wp\/v2\/pages\/3","targetHints":{"allow":["GET"]}}],"collection":[{"href":"https:\/\/www.votedanielbovey.com\/es\/wp-json\/wp\/v2\/pages"}],"about":[{"href":"https:\/\/www.votedanielbovey.com\/es\/wp-json\/wp\/v2\/types\/page"}],"author":[{"embeddable":true,"href":"https:\/\/www.votedanielbovey.com\/es\/wp-json\/wp\/v2\/users\/1"}],"replies":[{"embeddable":true,"href":"https:\/\/www.votedanielbovey.com\/es\/wp-json\/wp\/v2\/comments?post=3"}],"version-history":[{"count":12,"href":"https:\/\/www.votedanielbovey.com\/es\/wp-json\/wp\/v2\/pages\/3\/revisions"}],"predecessor-version":[{"id":905,"href":"https:\/\/www.votedanielbovey.com\/es\/wp-json\/wp\/v2\/pages\/3\/revisions\/905"}],"wp:attachment":[{"href":"https:\/\/www.votedanielbovey.com\/es\/wp-json\/wp\/v2\/media?parent=3"}],"curies":[{"name":"wp","href":"https:\/\/api.w.org\/{rel}","templated":true}]}}